{"id":2812,"date":"2020-06-24T11:10:45","date_gmt":"2020-06-24T09:10:45","guid":{"rendered":"https:\/\/relaunch.food-port.de\/?page_id=2812"},"modified":"2020-10-21T10:45:54","modified_gmt":"2020-10-21T08:45:54","slug":"kataloge","status":"publish","type":"page","link":"https:\/\/www.food-port.de\/index.php\/kataloge\/","title":{"rendered":"Kataloge"},"content":{"rendered":"<p>[vc_row wrap_container=&#8220;yes&#8220; el_class=&#8220;pb-5 overflow-hidden&#8220; css=&#8220;.vc_custom_1590573459067{background-color: #efefef !important;}&#8220;][vc_column el_class=&#8220;mx-md-auto&#8220; animation_type=&#8220;maskUp&#8220;][vc_empty_space][porto_ultimate_heading main_heading=&#8220;Unsere Produktkataloge&#8220; main_heading_font_weight=&#8220;600&#8243; sub_heading_font_weight=&#8220;&#8220;][\/porto_ultimate_heading][vc_accordion active_tab=&#8220;1&#8243; collapsible=&#8220;yes&#8220;][vc_accordion_tab title=&#8220;Produkt\u00fcbersicht &#8211; Torten&#8220;][vc_column_text css_animation=&#8220;none&#8220; el_class=&#8220;text-center&#8220;] [dflip id=&#8220;2995&#8243;][\/dflip] [\/vc_column_text][\/vc_accordion_tab][vc_accordion_tab title=&#8220;Produkt\u00fcbersicht &#8211; Backwaren&#8220;][vc_column_text css_animation=&#8220;none&#8220; el_class=&#8220;text-center&#8220;][dflip id=&#8220;2809&#8243;][\/dflip][\/vc_column_text][\/vc_accordion_tab][vc_accordion_tab title=&#8220;Speisekarte &#8211; Simit\u00e7i D\u00fcnyas\u0131&#8220;][vc_column_text css_animation=&#8220;none&#8220; el_class=&#8220;text-center&#8220;][dflip id=&#8220;3007&#8243;][\/dflip][\/vc_column_text][\/vc_accordion_tab][\/vc_accordion][\/vc_column][\/vc_row]<\/p>\n","protected":false},"excerpt":{"rendered":"<p>[vc_row wrap_container=&#8220;yes&#8220; el_class=&#8220;pb-5 overflow-hidden&#8220; css=&#8220;.vc_custom_1590573459067{background-color: #efefef !important;}&#8220;][vc_column el_class=&#8220;mx-md-auto&#8220; animation_type=&#8220;maskUp&#8220;][vc_empty_space][porto_ultimate_heading main_heading=&#8220;Unsere Produktkataloge&#8220; main_heading_font_weight=&#8220;600&#8243; sub_heading_font_weight=&#8220;&#8220;][\/porto_ultimate_heading][vc_accordion active_tab=&#8220;1&#8243; collapsible=&#8220;yes&#8220;][vc_accordion_tab title=&#8220;Produkt\u00fcbersicht &#8211; Torten&#8220;][vc_column_text css_animation=&#8220;none&#8220; el_class=&#8220;text-center&#8220;] [dflip id=&#8220;2995&#8243;][\/dflip] [\/vc_column_text][\/vc_accordion_tab][vc_accordion_tab title=&#8220;Produkt\u00fcbersicht &#8211; Backwaren&#8220;][vc_column_text css_animation=&#8220;none&#8220; el_class=&#8220;text-center&#8220;][dflip id=&#8220;2809&#8243;][\/dflip][\/vc_column_text][\/vc_accordion_tab][vc_accordion_tab title=&#8220;Speisekarte &#8211; Simit\u00e7i D\u00fcnyas\u0131&#8220;][vc_column_text css_animation=&#8220;none&#8220; el_class=&#8220;text-center&#8220;][dflip id=&#8220;3007&#8243;][\/dflip][\/vc_column_text][\/vc_accordion_tab][\/vc_accordion][\/vc_column][\/vc_row]<\/p>\n","protected":false},"author":1,"featured_media":0,"parent":0,"menu_order":0,"comment_status":"closed","ping_status":"closed","template":"","meta":{"footnotes":""},"class_list":["post-2812","page","type-page","status-publish","hentry"],"yoast_head":"<!-- This site is optimized with the Yoast SEO plugin v27.4 - https:\/\/yoast.com\/product\/yoast-seo-wordpress\/ -->\n<title>Kataloge - Food Port GmbH<\/title>\n<meta name=\"robots\" content=\"index, follow, max-snippet:-1, max-image-preview:large, max-video-preview:-1\" \/>\n<link rel=\"canonical\" href=\"https:\/\/www.food-port.de\/index.php\/kataloge\/\" \/>\n<meta property=\"og:locale\" content=\"de_DE\" \/>\n<meta property=\"og:type\" content=\"article\" \/>\n<meta property=\"og:title\" content=\"Kataloge - Food Port GmbH\" \/>\n<meta property=\"og:description\" content=\"[vc_row wrap_container=&#8220;yes&#8220; el_class=&#8220;pb-5 overflow-hidden&#8220; css=&#8220;.vc_custom_1590573459067{background-color: #efefef !important;}&#8220;][vc_column el_class=&#8220;mx-md-auto&#8220; animation_type=&#8220;maskUp&#8220;][vc_empty_space][porto_ultimate_heading main_heading=&#8220;Unsere Produktkataloge&#8220; main_heading_font_weight=&#8220;600&#8243; sub_heading_font_weight=&#8220;&#8220;][\/porto_ultimate_heading][vc_accordion active_tab=&#8220;1&#8243; collapsible=&#8220;yes&#8220;][vc_accordion_tab title=&#8220;Produkt\u00fcbersicht &#8211; Torten&#8220;][vc_column_text css_animation=&#8220;none&#8220; el_class=&#8220;text-center&#8220;] [dflip id=&#8220;2995&#8243;][\/dflip] [\/vc_column_text][\/vc_accordion_tab][vc_accordion_tab title=&#8220;Produkt\u00fcbersicht &#8211; Backwaren&#8220;][vc_column_text css_animation=&#8220;none&#8220; el_class=&#8220;text-center&#8220;][dflip id=&#8220;2809&#8243;][\/dflip][\/vc_column_text][\/vc_accordion_tab][vc_accordion_tab title=&#8220;Speisekarte &#8211; Simit\u00e7i D\u00fcnyas\u0131&#8220;][vc_column_text css_animation=&#8220;none&#8220; el_class=&#8220;text-center&#8220;][dflip id=&#8220;3007&#8243;][\/dflip][\/vc_column_text][\/vc_accordion_tab][\/vc_accordion][\/vc_column][\/vc_row]\" \/>\n<meta property=\"og:url\" content=\"https:\/\/www.food-port.de\/index.php\/kataloge\/\" \/>\n<meta property=\"og:site_name\" content=\"Food Port GmbH\" \/>\n<meta property=\"article:modified_time\" content=\"2020-10-21T08:45:54+00:00\" \/>\n<meta name=\"twitter:card\" content=\"summary_large_image\" \/>\n<meta name=\"twitter:label1\" content=\"Gesch\u00e4tzte Lesezeit\" \/>\n\t<meta name=\"twitter:data1\" content=\"1\u00a0Minute\" \/>\n<script type=\"application\/ld+json\" class=\"yoast-schema-graph\">{\"@context\":\"https:\\\/\\\/schema.org\",\"@graph\":[{\"@type\":\"WebPage\",\"@id\":\"https:\\\/\\\/www.food-port.de\\\/index.php\\\/kataloge\\\/\",\"url\":\"https:\\\/\\\/www.food-port.de\\\/index.php\\\/kataloge\\\/\",\"name\":\"Kataloge - Food Port GmbH\",\"isPartOf\":{\"@id\":\"https:\\\/\\\/www.food-port.de\\\/#website\"},\"datePublished\":\"2020-06-24T09:10:45+00:00\",\"dateModified\":\"2020-10-21T08:45:54+00:00\",\"breadcrumb\":{\"@id\":\"https:\\\/\\\/www.food-port.de\\\/index.php\\\/kataloge\\\/#breadcrumb\"},\"inLanguage\":\"de\",\"potentialAction\":[{\"@type\":\"ReadAction\",\"target\":[\"https:\\\/\\\/www.food-port.de\\\/index.php\\\/kataloge\\\/\"]}]},{\"@type\":\"BreadcrumbList\",\"@id\":\"https:\\\/\\\/www.food-port.de\\\/index.php\\\/kataloge\\\/#breadcrumb\",\"itemListElement\":[{\"@type\":\"ListItem\",\"position\":1,\"name\":\"Startseite\",\"item\":\"https:\\\/\\\/www.food-port.de\\\/\"},{\"@type\":\"ListItem\",\"position\":2,\"name\":\"Kataloge\"}]},{\"@type\":\"WebSite\",\"@id\":\"https:\\\/\\\/www.food-port.de\\\/#website\",\"url\":\"https:\\\/\\\/www.food-port.de\\\/\",\"name\":\"Food Port GmbH\",\"description\":\"Eine weitere WordPress-Website\",\"potentialAction\":[{\"@type\":\"SearchAction\",\"target\":{\"@type\":\"EntryPoint\",\"urlTemplate\":\"https:\\\/\\\/www.food-port.de\\\/?s={search_term_string}\"},\"query-input\":{\"@type\":\"PropertyValueSpecification\",\"valueRequired\":true,\"valueName\":\"search_term_string\"}}],\"inLanguage\":\"de\"}]}<\/script>\n<!-- \/ Yoast SEO plugin. -->","yoast_head_json":{"title":"Kataloge - Food Port GmbH","robots":{"index":"index","follow":"follow","max-snippet":"max-snippet:-1","max-image-preview":"max-image-preview:large","max-video-preview":"max-video-preview:-1"},"canonical":"https:\/\/www.food-port.de\/index.php\/kataloge\/","og_locale":"de_DE","og_type":"article","og_title":"Kataloge - Food Port GmbH","og_description":"[vc_row wrap_container=&#8220;yes&#8220; el_class=&#8220;pb-5 overflow-hidden&#8220; css=&#8220;.vc_custom_1590573459067{background-color: #efefef !important;}&#8220;][vc_column el_class=&#8220;mx-md-auto&#8220; animation_type=&#8220;maskUp&#8220;][vc_empty_space][porto_ultimate_heading main_heading=&#8220;Unsere Produktkataloge&#8220; main_heading_font_weight=&#8220;600&#8243; sub_heading_font_weight=&#8220;&#8220;][\/porto_ultimate_heading][vc_accordion active_tab=&#8220;1&#8243; collapsible=&#8220;yes&#8220;][vc_accordion_tab title=&#8220;Produkt\u00fcbersicht &#8211; Torten&#8220;][vc_column_text css_animation=&#8220;none&#8220; el_class=&#8220;text-center&#8220;] [dflip id=&#8220;2995&#8243;][\/dflip] [\/vc_column_text][\/vc_accordion_tab][vc_accordion_tab title=&#8220;Produkt\u00fcbersicht &#8211; Backwaren&#8220;][vc_column_text css_animation=&#8220;none&#8220; el_class=&#8220;text-center&#8220;][dflip id=&#8220;2809&#8243;][\/dflip][\/vc_column_text][\/vc_accordion_tab][vc_accordion_tab title=&#8220;Speisekarte &#8211; Simit\u00e7i D\u00fcnyas\u0131&#8220;][vc_column_text css_animation=&#8220;none&#8220; el_class=&#8220;text-center&#8220;][dflip id=&#8220;3007&#8243;][\/dflip][\/vc_column_text][\/vc_accordion_tab][\/vc_accordion][\/vc_column][\/vc_row]","og_url":"https:\/\/www.food-port.de\/index.php\/kataloge\/","og_site_name":"Food Port GmbH","article_modified_time":"2020-10-21T08:45:54+00:00","twitter_card":"summary_large_image","twitter_misc":{"Gesch\u00e4tzte Lesezeit":"1\u00a0Minute"},"schema":{"@context":"https:\/\/schema.org","@graph":[{"@type":"WebPage","@id":"https:\/\/www.food-port.de\/index.php\/kataloge\/","url":"https:\/\/www.food-port.de\/index.php\/kataloge\/","name":"Kataloge - Food Port GmbH","isPartOf":{"@id":"https:\/\/www.food-port.de\/#website"},"datePublished":"2020-06-24T09:10:45+00:00","dateModified":"2020-10-21T08:45:54+00:00","breadcrumb":{"@id":"https:\/\/www.food-port.de\/index.php\/kataloge\/#breadcrumb"},"inLanguage":"de","potentialAction":[{"@type":"ReadAction","target":["https:\/\/www.food-port.de\/index.php\/kataloge\/"]}]},{"@type":"BreadcrumbList","@id":"https:\/\/www.food-port.de\/index.php\/kataloge\/#breadcrumb","itemListElement":[{"@type":"ListItem","position":1,"name":"Startseite","item":"https:\/\/www.food-port.de\/"},{"@type":"ListItem","position":2,"name":"Kataloge"}]},{"@type":"WebSite","@id":"https:\/\/www.food-port.de\/#website","url":"https:\/\/www.food-port.de\/","name":"Food Port GmbH","description":"Eine weitere WordPress-Website","potentialAction":[{"@type":"SearchAction","target":{"@type":"EntryPoint","urlTemplate":"https:\/\/www.food-port.de\/?s={search_term_string}"},"query-input":{"@type":"PropertyValueSpecification","valueRequired":true,"valueName":"search_term_string"}}],"inLanguage":"de"}]}},"_links":{"self":[{"href":"https:\/\/www.food-port.de\/index.php\/wp-json\/wp\/v2\/pages\/2812","targetHints":{"allow":["GET"]}}],"collection":[{"href":"https:\/\/www.food-port.de\/index.php\/wp-json\/wp\/v2\/pages"}],"about":[{"href":"https:\/\/www.food-port.de\/index.php\/wp-json\/wp\/v2\/types\/page"}],"author":[{"embeddable":true,"href":"https:\/\/www.food-port.de\/index.php\/wp-json\/wp\/v2\/users\/1"}],"replies":[{"embeddable":true,"href":"https:\/\/www.food-port.de\/index.php\/wp-json\/wp\/v2\/comments?post=2812"}],"version-history":[{"count":19,"href":"https:\/\/www.food-port.de\/index.php\/wp-json\/wp\/v2\/pages\/2812\/revisions"}],"predecessor-version":[{"id":3011,"href":"https:\/\/www.food-port.de\/index.php\/wp-json\/wp\/v2\/pages\/2812\/revisions\/3011"}],"wp:attachment":[{"href":"https:\/\/www.food-port.de\/index.php\/wp-json\/wp\/v2\/media?parent=2812"}],"curies":[{"name":"wp","href":"https:\/\/api.w.org\/{rel}","templated":true}]}}