{"id":2878,"date":"2020-07-22T09:34:45","date_gmt":"2020-07-22T07:34:45","guid":{"rendered":"https:\/\/relaunch.food-port.de\/?page_id=2878"},"modified":"2020-10-21T10:09:48","modified_gmt":"2020-10-21T08:09:48","slug":"qualitaetsphilosophie","status":"publish","type":"page","link":"https:\/\/www.food-port.de\/index.php\/baecker\/qualitaetsphilosophie\/","title":{"rendered":"Qualit\u00e4tsphilosophie"},"content":{"rendered":"<p>[vc_row wrap_container=&#8220;yes&#8220; css=&#8220;.vc_custom_1595403725706{margin-top: 80px !important;margin-bottom: 80px !important;}&#8220;][vc_column][vc_custom_heading text=&#8220;WIR LEBEN QUALIT\u00c4T, SICHERHEIT UND HALAL-GARANTIE&#8220; font_container=&#8220;tag:h3|text_align:left&#8220; use_theme_fonts=&#8220;yes&#8220;][vc_column_text]Unser Unternehmen steht f\u00fcr h\u00f6chste Qualit\u00e4t und die absolute Lebensmittelsicherheit bei Beachtung und Einhaltung der geltenden Umweltvorschriften. Die von uns produzierten Nahrungsmittel sind Halal-Lebensmittel, die den religi\u00f6sen Speise- und Getr\u00e4nkevorschriften f\u00fcr die t\u00e4gliche Ern\u00e4hrung absolut entsprechen. Die Verarbeitung unserer Rohstoffe und Zutaten sowie die Hinzugabe von Zusatzstoffen erfolgt konsequent halal-konform.<\/p>\n<p><img loading=\"lazy\" decoding=\"async\" class=\"size-medium wp-image-2892 alignright\" src=\"https:\/\/www.food-port.de\/wp-content\/uploads\/2020\/07\/cert1-212x300.jpg\" alt=\"\" width=\"212\" height=\"300\" \/>F\u00fcr uns ist es selbstverst\u00e4ndlich, dass unsere hochwertigen Qualit\u00e4tsprodukte unter absolut umweltbewussten und hygienischen Verh\u00e4ltnissen hergestellt werden. Wir beachten s\u00e4mtliche gesetzlichen Bestimmungen, Standards und Vorschriften. Unsere Mitarbeiter werden diesbez\u00fcglich permanent geschult und weiterentwickelt.<\/p>\n<p>Unsere motivierten und zuverl\u00e4ssigen Mitarbeiter sind der Garant f\u00fcr h\u00f6chste Qualit\u00e4t in der Produktion. Praktikable und zuverl\u00e4ssige Qualit\u00e4tsmanagement-Systeme zur \u00dcberwachung dieser hohen Standards unterst\u00fctzen unsere F\u00fchrungskr\u00e4fte zus\u00e4tzlich. Das Bewusstsein unserer Mitarbeiter f\u00fcr Umweltbelange sowie Umsetzung der optimalen Arbeits-, Hygiene- und Gesundheitsschutzvorgaben wird \u00fcber ein integriertes Management-System durchgehend auf h\u00f6chstem Niveau gehalten.<\/p>\n<p>Modernste Produktionsanlagen mit einem hohen Automatisierungsgrad stehen unseren Mitarbeitern unterst\u00fctzend bei der manuellen Produktion zur Verf\u00fcgung. Von der Produktvorbereitung \u00fcber die Aufarbeitung und Produktion bis zur Verpackung werden unsere Anlagen durch ein Prozessleitsystem gesteuert. Somit ist eine gleichbleibend hohe Qualit\u00e4t sichergestellt.<\/p>\n<p>Strenge Vorgaben und Kontrollen bei den Rohwaren sichern unsere Qualit\u00e4tsvorgaben langfristig. Die Rohwaren kommen dabei ausschlie\u00dflich von qualifizierten Lieferanten. Mithilfe moderner Analyseverfahren und umfassenden Qualit\u00e4tskontrollen \u00fcberpr\u00fcfen wir permanent die Einhaltung unserer hohen Standards.<\/p>\n<p>Heute und auch zuk\u00fcnftig spielt nachhaltiges und umweltschonendes Wirtschaften eine immer wichtigere Rolle. Die gesamte Produktions- und Lagertechnik unseres Unternehmens wurde daher gezielt auf niedrigste Energieverbrauchswerte ausgerichtet. Die zus\u00e4tzliche W\u00e4rmer\u00fcckgewinnung bei unseren Backanlagen erm\u00f6glicht letztendlich eine \u00fcberragende energetische Bilanz. Zudem wurden ideale Packmittel f\u00fcr unsere Produkte entwickelt, um auch im Bereich der Verpackungen m\u00f6glichst ressourcen- und somit umweltschonend mit wenig Abfall produzieren zu k\u00f6nnen.[\/vc_column_text][\/vc_column][\/vc_row][vc_row css=&#8220;.vc_custom_1603267730626{padding-bottom: 80px !important;}&#8220;][vc_column width=&#8220;1\/4&#8243;][vc_single_image image=&#8220;2987&#8243; img_size=&#8220;full&#8220; alignment=&#8220;center&#8220; style=&#8220;vc_box_border&#8220; onclick=&#8220;link_image&#8220;][\/vc_column][vc_column width=&#8220;1\/4&#8243;][vc_single_image image=&#8220;2988&#8243; img_size=&#8220;full&#8220; alignment=&#8220;center&#8220; style=&#8220;vc_box_border&#8220; onclick=&#8220;link_image&#8220;][\/vc_column][vc_column width=&#8220;1\/4&#8243;][vc_single_image image=&#8220;2893&#8243; img_size=&#8220;full&#8220; alignment=&#8220;center&#8220; style=&#8220;vc_box_border&#8220; onclick=&#8220;link_image&#8220;][\/vc_column][vc_column width=&#8220;1\/4&#8243;][vc_single_image image=&#8220;2986&#8243; img_size=&#8220;full&#8220; alignment=&#8220;center&#8220; style=&#8220;vc_box_border&#8220; onclick=&#8220;link_image&#8220;][\/vc_column][\/vc_row]<\/p>\n","protected":false},"excerpt":{"rendered":"<p>[vc_row wrap_container=&#8220;yes&#8220; css=&#8220;.vc_custom_1595403725706{margin-top: 80px !important;margin-bottom: 80px !important;}&#8220;][vc_column][vc_custom_heading text=&#8220;WIR LEBEN QUALIT\u00c4T, SICHERHEIT UND HALAL-GARANTIE&#8220; font_container=&#8220;tag:h3|text_align:left&#8220; use_theme_fonts=&#8220;yes&#8220;][vc_column_text]Unser Unternehmen steht f\u00fcr h\u00f6chste Qualit\u00e4t und die absolute Lebensmittelsicherheit bei Beachtung und Einhaltung der geltenden Umweltvorschriften. Die von uns produzierten Nahrungsmittel sind Halal-Lebensmittel, die den religi\u00f6sen Speise- und Getr\u00e4nkevorschriften f\u00fcr die t\u00e4gliche Ern\u00e4hrung absolut entsprechen. Die Verarbeitung unserer Rohstoffe und [&hellip;]<\/p>\n","protected":false},"author":1,"featured_media":0,"parent":2815,"menu_order":0,"comment_status":"closed","ping_status":"closed","template":"","meta":{"footnotes":""},"class_list":["post-2878","page","type-page","status-publish","hentry"],"yoast_head":"<!-- This site is optimized with the Yoast SEO plugin v27.4 - https:\/\/yoast.com\/product\/yoast-seo-wordpress\/ -->\n<title>Qualit\u00e4tsphilosophie - Food Port GmbH<\/title>\n<meta name=\"robots\" content=\"index, follow, max-snippet:-1, max-image-preview:large, max-video-preview:-1\" \/>\n<link rel=\"canonical\" href=\"https:\/\/www.food-port.de\/index.php\/baecker\/qualitaetsphilosophie\/\" \/>\n<meta property=\"og:locale\" content=\"de_DE\" \/>\n<meta property=\"og:type\" content=\"article\" \/>\n<meta property=\"og:title\" content=\"Qualit\u00e4tsphilosophie - Food Port GmbH\" \/>\n<meta property=\"og:description\" content=\"[vc_row wrap_container=&#8220;yes&#8220; css=&#8220;.vc_custom_1595403725706{margin-top: 80px !important;margin-bottom: 80px !important;}&#8220;][vc_column][vc_custom_heading text=&#8220;WIR LEBEN QUALIT\u00c4T, SICHERHEIT UND HALAL-GARANTIE&#8220; font_container=&#8220;tag:h3|text_align:left&#8220; use_theme_fonts=&#8220;yes&#8220;][vc_column_text]Unser Unternehmen steht f\u00fcr h\u00f6chste Qualit\u00e4t und die absolute Lebensmittelsicherheit bei Beachtung und Einhaltung der geltenden Umweltvorschriften. Die von uns produzierten Nahrungsmittel sind Halal-Lebensmittel, die den religi\u00f6sen Speise- und Getr\u00e4nkevorschriften f\u00fcr die t\u00e4gliche Ern\u00e4hrung absolut entsprechen. Die Verarbeitung unserer Rohstoffe und [&hellip;]\" \/>\n<meta property=\"og:url\" content=\"https:\/\/www.food-port.de\/index.php\/baecker\/qualitaetsphilosophie\/\" \/>\n<meta property=\"og:site_name\" content=\"Food Port GmbH\" \/>\n<meta property=\"article:modified_time\" content=\"2020-10-21T08:09:48+00:00\" \/>\n<meta property=\"og:image\" content=\"https:\/\/www.food-port.de\/wp-content\/uploads\/2020\/07\/cert1-212x300.jpg\" \/>\n<meta name=\"twitter:card\" content=\"summary_large_image\" \/>\n<meta name=\"twitter:label1\" content=\"Gesch\u00e4tzte Lesezeit\" \/>\n\t<meta name=\"twitter:data1\" content=\"2\u00a0Minuten\" \/>\n<script type=\"application\/ld+json\" class=\"yoast-schema-graph\">{\"@context\":\"https:\\\/\\\/schema.org\",\"@graph\":[{\"@type\":\"WebPage\",\"@id\":\"https:\\\/\\\/www.food-port.de\\\/index.php\\\/baecker\\\/qualitaetsphilosophie\\\/\",\"url\":\"https:\\\/\\\/www.food-port.de\\\/index.php\\\/baecker\\\/qualitaetsphilosophie\\\/\",\"name\":\"Qualit\u00e4tsphilosophie - Food Port GmbH\",\"isPartOf\":{\"@id\":\"https:\\\/\\\/www.food-port.de\\\/#website\"},\"primaryImageOfPage\":{\"@id\":\"https:\\\/\\\/www.food-port.de\\\/index.php\\\/baecker\\\/qualitaetsphilosophie\\\/#primaryimage\"},\"image\":{\"@id\":\"https:\\\/\\\/www.food-port.de\\\/index.php\\\/baecker\\\/qualitaetsphilosophie\\\/#primaryimage\"},\"thumbnailUrl\":\"https:\\\/\\\/www.food-port.de\\\/wp-content\\\/uploads\\\/2020\\\/07\\\/cert1-212x300.jpg\",\"datePublished\":\"2020-07-22T07:34:45+00:00\",\"dateModified\":\"2020-10-21T08:09:48+00:00\",\"breadcrumb\":{\"@id\":\"https:\\\/\\\/www.food-port.de\\\/index.php\\\/baecker\\\/qualitaetsphilosophie\\\/#breadcrumb\"},\"inLanguage\":\"de\",\"potentialAction\":[{\"@type\":\"ReadAction\",\"target\":[\"https:\\\/\\\/www.food-port.de\\\/index.php\\\/baecker\\\/qualitaetsphilosophie\\\/\"]}]},{\"@type\":\"ImageObject\",\"inLanguage\":\"de\",\"@id\":\"https:\\\/\\\/www.food-port.de\\\/index.php\\\/baecker\\\/qualitaetsphilosophie\\\/#primaryimage\",\"url\":\"https:\\\/\\\/www.food-port.de\\\/wp-content\\\/uploads\\\/2020\\\/07\\\/cert1-212x300.jpg\",\"contentUrl\":\"https:\\\/\\\/www.food-port.de\\\/wp-content\\\/uploads\\\/2020\\\/07\\\/cert1-212x300.jpg\"},{\"@type\":\"BreadcrumbList\",\"@id\":\"https:\\\/\\\/www.food-port.de\\\/index.php\\\/baecker\\\/qualitaetsphilosophie\\\/#breadcrumb\",\"itemListElement\":[{\"@type\":\"ListItem\",\"position\":1,\"name\":\"Startseite\",\"item\":\"https:\\\/\\\/www.food-port.de\\\/\"},{\"@type\":\"ListItem\",\"position\":2,\"name\":\"F\u00fcr B\u00e4cker\",\"item\":\"https:\\\/\\\/www.food-port.de\\\/index.php\\\/baecker\\\/\"},{\"@type\":\"ListItem\",\"position\":3,\"name\":\"Qualit\u00e4tsphilosophie\"}]},{\"@type\":\"WebSite\",\"@id\":\"https:\\\/\\\/www.food-port.de\\\/#website\",\"url\":\"https:\\\/\\\/www.food-port.de\\\/\",\"name\":\"Food Port GmbH\",\"description\":\"Eine weitere WordPress-Website\",\"potentialAction\":[{\"@type\":\"SearchAction\",\"target\":{\"@type\":\"EntryPoint\",\"urlTemplate\":\"https:\\\/\\\/www.food-port.de\\\/?s={search_term_string}\"},\"query-input\":{\"@type\":\"PropertyValueSpecification\",\"valueRequired\":true,\"valueName\":\"search_term_string\"}}],\"inLanguage\":\"de\"}]}<\/script>\n<!-- \/ Yoast SEO plugin. -->","yoast_head_json":{"title":"Qualit\u00e4tsphilosophie - Food Port GmbH","robots":{"index":"index","follow":"follow","max-snippet":"max-snippet:-1","max-image-preview":"max-image-preview:large","max-video-preview":"max-video-preview:-1"},"canonical":"https:\/\/www.food-port.de\/index.php\/baecker\/qualitaetsphilosophie\/","og_locale":"de_DE","og_type":"article","og_title":"Qualit\u00e4tsphilosophie - Food Port GmbH","og_description":"[vc_row wrap_container=&#8220;yes&#8220; css=&#8220;.vc_custom_1595403725706{margin-top: 80px !important;margin-bottom: 80px !important;}&#8220;][vc_column][vc_custom_heading text=&#8220;WIR LEBEN QUALIT\u00c4T, SICHERHEIT UND HALAL-GARANTIE&#8220; font_container=&#8220;tag:h3|text_align:left&#8220; use_theme_fonts=&#8220;yes&#8220;][vc_column_text]Unser Unternehmen steht f\u00fcr h\u00f6chste Qualit\u00e4t und die absolute Lebensmittelsicherheit bei Beachtung und Einhaltung der geltenden Umweltvorschriften. Die von uns produzierten Nahrungsmittel sind Halal-Lebensmittel, die den religi\u00f6sen Speise- und Getr\u00e4nkevorschriften f\u00fcr die t\u00e4gliche Ern\u00e4hrung absolut entsprechen. Die Verarbeitung unserer Rohstoffe und [&hellip;]","og_url":"https:\/\/www.food-port.de\/index.php\/baecker\/qualitaetsphilosophie\/","og_site_name":"Food Port GmbH","article_modified_time":"2020-10-21T08:09:48+00:00","og_image":[{"url":"https:\/\/www.food-port.de\/wp-content\/uploads\/2020\/07\/cert1-212x300.jpg","type":"","width":"","height":""}],"twitter_card":"summary_large_image","twitter_misc":{"Gesch\u00e4tzte Lesezeit":"2\u00a0Minuten"},"schema":{"@context":"https:\/\/schema.org","@graph":[{"@type":"WebPage","@id":"https:\/\/www.food-port.de\/index.php\/baecker\/qualitaetsphilosophie\/","url":"https:\/\/www.food-port.de\/index.php\/baecker\/qualitaetsphilosophie\/","name":"Qualit\u00e4tsphilosophie - Food Port GmbH","isPartOf":{"@id":"https:\/\/www.food-port.de\/#website"},"primaryImageOfPage":{"@id":"https:\/\/www.food-port.de\/index.php\/baecker\/qualitaetsphilosophie\/#primaryimage"},"image":{"@id":"https:\/\/www.food-port.de\/index.php\/baecker\/qualitaetsphilosophie\/#primaryimage"},"thumbnailUrl":"https:\/\/www.food-port.de\/wp-content\/uploads\/2020\/07\/cert1-212x300.jpg","datePublished":"2020-07-22T07:34:45+00:00","dateModified":"2020-10-21T08:09:48+00:00","breadcrumb":{"@id":"https:\/\/www.food-port.de\/index.php\/baecker\/qualitaetsphilosophie\/#breadcrumb"},"inLanguage":"de","potentialAction":[{"@type":"ReadAction","target":["https:\/\/www.food-port.de\/index.php\/baecker\/qualitaetsphilosophie\/"]}]},{"@type":"ImageObject","inLanguage":"de","@id":"https:\/\/www.food-port.de\/index.php\/baecker\/qualitaetsphilosophie\/#primaryimage","url":"https:\/\/www.food-port.de\/wp-content\/uploads\/2020\/07\/cert1-212x300.jpg","contentUrl":"https:\/\/www.food-port.de\/wp-content\/uploads\/2020\/07\/cert1-212x300.jpg"},{"@type":"BreadcrumbList","@id":"https:\/\/www.food-port.de\/index.php\/baecker\/qualitaetsphilosophie\/#breadcrumb","itemListElement":[{"@type":"ListItem","position":1,"name":"Startseite","item":"https:\/\/www.food-port.de\/"},{"@type":"ListItem","position":2,"name":"F\u00fcr B\u00e4cker","item":"https:\/\/www.food-port.de\/index.php\/baecker\/"},{"@type":"ListItem","position":3,"name":"Qualit\u00e4tsphilosophie"}]},{"@type":"WebSite","@id":"https:\/\/www.food-port.de\/#website","url":"https:\/\/www.food-port.de\/","name":"Food Port GmbH","description":"Eine weitere WordPress-Website","potentialAction":[{"@type":"SearchAction","target":{"@type":"EntryPoint","urlTemplate":"https:\/\/www.food-port.de\/?s={search_term_string}"},"query-input":{"@type":"PropertyValueSpecification","valueRequired":true,"valueName":"search_term_string"}}],"inLanguage":"de"}]}},"_links":{"self":[{"href":"https:\/\/www.food-port.de\/index.php\/wp-json\/wp\/v2\/pages\/2878","targetHints":{"allow":["GET"]}}],"collection":[{"href":"https:\/\/www.food-port.de\/index.php\/wp-json\/wp\/v2\/pages"}],"about":[{"href":"https:\/\/www.food-port.de\/index.php\/wp-json\/wp\/v2\/types\/page"}],"author":[{"embeddable":true,"href":"https:\/\/www.food-port.de\/index.php\/wp-json\/wp\/v2\/users\/1"}],"replies":[{"embeddable":true,"href":"https:\/\/www.food-port.de\/index.php\/wp-json\/wp\/v2\/comments?post=2878"}],"version-history":[{"count":21,"href":"https:\/\/www.food-port.de\/index.php\/wp-json\/wp\/v2\/pages\/2878\/revisions"}],"predecessor-version":[{"id":2993,"href":"https:\/\/www.food-port.de\/index.php\/wp-json\/wp\/v2\/pages\/2878\/revisions\/2993"}],"up":[{"embeddable":true,"href":"https:\/\/www.food-port.de\/index.php\/wp-json\/wp\/v2\/pages\/2815"}],"wp:attachment":[{"href":"https:\/\/www.food-port.de\/index.php\/wp-json\/wp\/v2\/media?parent=2878"}],"curies":[{"name":"wp","href":"https:\/\/api.w.org\/{rel}","templated":true}]}}