{"id":2932,"date":"2020-07-22T10:55:35","date_gmt":"2020-07-22T08:55:35","guid":{"rendered":"https:\/\/relaunch.food-port.de\/?page_id=2932"},"modified":"2020-07-22T11:34:08","modified_gmt":"2020-07-22T09:34:08","slug":"bewerbungsformular","status":"publish","type":"page","link":"https:\/\/www.food-port.de\/index.php\/franchise\/bewerbungsformular\/","title":{"rendered":"Bewerbungsformular"},"content":{"rendered":"<p>[vc_row wrap_container=&#8220;yes&#8220; css=&#8220;.vc_custom_1595403725706{margin-top: 80px !important;margin-bottom: 80px !important;}&#8220;][vc_column width=&#8220;2\/3&#8243;][vc_custom_heading text=&#8220;Bewerbungsformular&#8220; font_container=&#8220;tag:h3|text_align:left&#8220; use_theme_fonts=&#8220;yes&#8220;]\n<div class=\"wpcf7 no-js\" id=\"wpcf7-f5-o1\" lang=\"de-DE\" dir=\"ltr\" data-wpcf7-id=\"5\">\n<div class=\"screen-reader-response\"><p role=\"status\" aria-live=\"polite\" aria-atomic=\"true\"><\/p> <ul><\/ul><\/div>\n<form action=\"\/index.php\/wp-json\/wp\/v2\/pages\/2932#wpcf7-f5-o1\" method=\"post\" class=\"wpcf7-form init\" aria-label=\"Kontaktformular\" novalidate=\"novalidate\" data-status=\"init\">\n<fieldset class=\"hidden-fields-container\"><input type=\"hidden\" name=\"_wpcf7\" value=\"5\" \/><input type=\"hidden\" name=\"_wpcf7_version\" value=\"6.1.5\" \/><input type=\"hidden\" name=\"_wpcf7_locale\" value=\"de_DE\" \/><input type=\"hidden\" name=\"_wpcf7_unit_tag\" value=\"wpcf7-f5-o1\" \/><input type=\"hidden\" name=\"_wpcf7_container_post\" value=\"0\" \/><input type=\"hidden\" name=\"_wpcf7_posted_data_hash\" value=\"\" \/>\n<\/fieldset>\n<div class=\"row\">\n\t<div class=\"col-md-6\">\n\t\t<div class=\"form-group\">\n\t\t\t<p><label>Vorname<\/label><br \/>\n<span class=\"wpcf7-form-control-wrap\" data-name=\"f_vorname\"><input size=\"40\" maxlength=\"400\" class=\"wpcf7-form-control wpcf7-text wpcf7-validates-as-required form-control\" aria-required=\"true\" aria-invalid=\"false\" placeholder=\"Vorname\" value=\"\" type=\"text\" name=\"f_vorname\" \/><\/span>\n\t\t\t<\/p>\n\t\t<\/div>\n\t<\/div>\n\t<div class=\"col-md-6\">\n\t\t<p><label>Nachname<\/label><br \/>\n<span class=\"wpcf7-form-control-wrap\" data-name=\"f_nachname\"><input size=\"40\" maxlength=\"400\" class=\"wpcf7-form-control wpcf7-text wpcf7-validates-as-required form-control\" aria-required=\"true\" aria-invalid=\"false\" placeholder=\"Nachname\" value=\"\" type=\"text\" name=\"f_nachname\" \/><\/span>\n\t\t<\/p>\n\t<\/div>\n\t<div class=\"col-md-6\">\n\t\t<div class=\"form-group\">\n\t\t\t<p><label>E-Mail*<\/label><br \/>\n<span class=\"wpcf7-form-control-wrap\" data-name=\"f_email\"><input size=\"40\" maxlength=\"400\" class=\"wpcf7-form-control wpcf7-email wpcf7-validates-as-required wpcf7-text wpcf7-validates-as-email\" aria-required=\"true\" aria-invalid=\"false\" placeholder=\"info@deinemail.de*\" value=\"\" type=\"email\" name=\"f_email\" \/><\/span>\n\t\t\t<\/p>\n\t\t<\/div>\n\t<\/div>\n\t<div class=\"col-md-6\">\n\t\t<div class=\"form-group\">\n\t\t\t<p>Telefon \/ Handy*<br \/>\n<span class=\"wpcf7-form-control-wrap\" data-name=\"f_telefon\"><input size=\"40\" maxlength=\"400\" class=\"wpcf7-form-control wpcf7-tel wpcf7-validates-as-required wpcf7-text wpcf7-validates-as-tel form-control\" aria-required=\"true\" aria-invalid=\"false\" placeholder=\"0171 123 456\" value=\"\" type=\"tel\" name=\"f_telefon\" \/><\/span>\n\t\t\t<\/p>\n\t\t<\/div>\n\t<\/div>\n\t<div class=\"col-md-6\">\n\t\t<div class=\"form-group\">\n\t\t\t<p>Franchise-Typ*<br \/>\n<span class=\"wpcf7-form-control-wrap\" data-name=\"fr_typ\"><select class=\"wpcf7-form-control wpcf7-select wpcf7-validates-as-required form-control\" aria-required=\"true\" aria-invalid=\"false\" name=\"fr_typ\"><option value=\"Backstube\">Backstube<\/option><option value=\"Bistro\">Bistro<\/option><option value=\"Shop im Shop\">Shop im Shop<\/option><option value=\"Campus\">Campus<\/option><\/select><\/span>\n\t\t\t<\/p>\n\t\t<\/div>\n\t<\/div>\n\t<div class=\"col-md-6\">\n\t\t<div class=\"form-group\">\n\t\t\t<p>Standort \/ Stadt*<br \/>\n<span class=\"wpcf7-form-control-wrap\" data-name=\"f_location\"><input size=\"40\" maxlength=\"400\" class=\"wpcf7-form-control wpcf7-text wpcf7-validates-as-required form-control\" aria-required=\"true\" aria-invalid=\"false\" placeholder=\"59423 Unna\" value=\"\" type=\"text\" name=\"f_location\" \/><\/span>\n\t\t\t<\/p>\n\t\t<\/div>\n\t<\/div>\n\t<div class=\"col-md-12\">\n\t\t<div class=\"form-group\">\n\t\t\t<p>Deine Nachricht<br \/>\n<span class=\"wpcf7-form-control-wrap\" data-name=\"f_message\"><textarea cols=\"40\" rows=\"10\" maxlength=\"2000\" class=\"wpcf7-form-control wpcf7-textarea form-control\" aria-invalid=\"false\" name=\"f_message\"><\/textarea><\/span>\n\t\t\t<\/p>\n\t\t<\/div>\n\t<\/div>\n\t<div class=\"col-md-12\">\n\t\t<p><div id=\"cf7sr-69e09b784b28b\" class=\"cf7sr-g-recaptcha\" data-theme=\"light\" data-type=\"image\" data-size=\"normal\" data-sitekey=\"6LfDgLQZAAAAAIfWRBS29pgaxQpM4OBgeobGk1sd\"><\/div><span class=\"wpcf7-form-control-wrap cf7sr-recaptcha\" data-name=\"cf7sr-recaptcha\"><input type=\"hidden\" name=\"cf7sr-recaptcha\" value=\"\" class=\"wpcf7-form-control\"><\/span>\n\t\t<\/p>\n\t<\/div>\n\t<div class=\"col-md-6\">\n\t\t<div class=\"form-group\">\n\t\t\t<p><input class=\"wpcf7-form-control wpcf7-submit has-spinner btn btn-primary btn-modern\" type=\"submit\" value=\"Absenden\" \/>\n\t\t\t<\/p>\n\t\t<\/div>\n\t<\/div>\n<\/div><div class=\"wpcf7-response-output\" aria-hidden=\"true\"><\/div>\n<\/form>\n<\/div>\n[\/vc_column][vc_column width=&#8220;1\/3&#8243;][\/vc_column][\/vc_row][vc_row content_placement=&#8220;middle&#8220; wrap_container=&#8220;yes&#8220; css=&#8220;.vc_custom_1595407767320{padding-top: 90px !important;padding-bottom: 70px !important;background-color: #052542 !important;}&#8220;][vc_column width=&#8220;1\/2&#8243; animation_duration=&#8220;500&#8243; animation_delay=&#8220;300&#8243; animation_type=&#8220;fadeIn&#8220;][porto_interactive_banner banner_image=&#8220;2830&#8243; image_opacity=&#8220;1&#8243; image_opacity_on_hover=&#8220;1&#8243; el_class=&#8220;video-player&#8220;]<\/p>\n<div class=\"open-video\">[vc_raw_html el_class=&#8220;mb-0&#8243;]JTNDc3ZnJTIweG1sbnMlM0QlMjJodHRwJTNBJTJGJTJGd3d3LnczLm9yZyUyRjIwMDAlMkZzdmclMjIlMjB3aWR0aCUzRCUyMjY0JTIyJTIwaGVpZ2h0JTNEJTIyNjQlMjIlMjB2aWV3Qm94JTNEJTIyMCUyMDAlMjA2NCUyMDY0JTIyJTNFJTNDZyUyMGZpbGwlM0QlMjJub25lJTIyJTIwc3Ryb2tlJTNEJTIyJTIzMDAwJTIyJTIwc3Ryb2tlLXdpZHRoJTNEJTIyMiUyMiUyMHN0cm9rZS1taXRlcmxpbWl0JTNEJTIyMTAlMjIlM0UlM0NwYXRoJTIwc3Ryb2tlLWxpbmVqb2luJTNEJTIyYmV2ZWwlMjIlMjBkJTNEJTIyTTI3JTIwMjFsMTQlMjAxMS0xNCUyMDExeiUyMiUyRiUzRSUzQ3BhdGglMjBkJTNEJTIyTTUzLjkyJTIwMTAuMDgxYzEyLjEwNyUyMDEyLjEwNSUyMDEyLjEwNyUyMDMxLjczMiUyMDAlMjA0My44MzgtMTIuMTA2JTIwMTIuMTA4LTMxLjczNCUyMDEyLjEwOC00My44MzklMjAwLTEyLjEwNy0xMi4xMDUtMTIuMTA3LTMxLjczMiUyMDAtNDMuODM4JTIwMTIuMTA1LTEyLjEwOCUyMDMxLjczMi0xMi4xMDglMjA0My44MzklMjAweiUyMiUyRiUzRSUzQyUyRmclM0UlM0MlMkZzdmclM0U=[\/vc_raw_html]<\/div>\n<p>[\/porto_interactive_banner][porto_modal modal_contain=&#8220;youtube&#8220; youtube_url=&#8220;https:\/\/www.youtube.com\/watch?v=CAuRvTH93rY&#8220; modal_on=&#8220;custom-selector&#8220; modal_on_selector=&#8220;.open-video&#8220; overlay_bg_opacity=&#8220;80&#8243;][\/porto_modal][\/vc_column][vc_column width=&#8220;1\/2&#8243; offset=&#8220;vc_col-md-5&#8243;][porto_ultimate_heading main_heading=&#8220;Franchisemarke: Simit\u00e7i D\u00fcnyas\u0131&#8220; main_heading_font_weight=&#8220;700&#8243; main_heading_color=&#8220;#ffffff&#8220; sub_heading_font_weight=&#8220;&#8220; sub_heading_color=&#8220;#e5e5e5&#8243; alignment=&#8220;left&#8220; main_heading_font_size=&#8220;25&#8243; main_heading_line_height=&#8220;37&#8243; main_heading_margin_bottom=&#8220;14&#8243; sub_heading_margin_bottom=&#8220;22&#8243;]Das Privilegium, Franchisenehmer von Simit\u00e7i D\u00fcnyas\u0131 zu sein, werden Sie von Ihrer Bewerbung bis, dass Ihr Kunde Ihre Lokalit\u00e4t verl\u00e4sst, bei jeder Etappe ersp\u00fcren. Durch unsere Schulungs- und Fortbildungs-Ma\u00dfnahmen an Sie und Ihr Team sorgen wir daf\u00fcr, dass sowohl Ihr Sie als auch unser Ruf im Zusammenhang mit der wahren Dienstleistungsqualit\u00e4t erw\u00e4hnt werden.[\/porto_ultimate_heading][\/vc_column][\/vc_row]<\/p>\n","protected":false},"excerpt":{"rendered":"<p>[vc_row wrap_container=&#8220;yes&#8220; css=&#8220;.vc_custom_1595403725706{margin-top: 80px !important;margin-bottom: 80px !important;}&#8220;][vc_column width=&#8220;2\/3&#8243;][vc_custom_heading text=&#8220;Bewerbungsformular&#8220; font_container=&#8220;tag:h3|text_align:left&#8220; use_theme_fonts=&#8220;yes&#8220;][\/vc_column][vc_column width=&#8220;1\/3&#8243;][\/vc_column][\/vc_row][vc_row content_placement=&#8220;middle&#8220; wrap_container=&#8220;yes&#8220; css=&#8220;.vc_custom_1595407767320{padding-top: 90px !important;padding-bottom: 70px !important;background-color: #052542 !important;}&#8220;][vc_column width=&#8220;1\/2&#8243; animation_duration=&#8220;500&#8243; animation_delay=&#8220;300&#8243; animation_type=&#8220;fadeIn&#8220;][porto_interactive_banner banner_image=&#8220;2830&#8243; image_opacity=&#8220;1&#8243; image_opacity_on_hover=&#8220;1&#8243; el_class=&#8220;video-player&#8220;] [vc_raw_html el_class=&#8220;mb-0&#8243;]JTNDc3ZnJTIweG1sbnMlM0QlMjJodHRwJTNBJTJGJTJGd3d3LnczLm9yZyUyRjIwMDAlMkZzdmclMjIlMjB3aWR0aCUzRCUyMjY0JTIyJTIwaGVpZ2h0JTNEJTIyNjQlMjIlMjB2aWV3Qm94JTNEJTIyMCUyMDAlMjA2NCUyMDY0JTIyJTNFJTNDZyUyMGZpbGwlM0QlMjJub25lJTIyJTIwc3Ryb2tlJTNEJTIyJTIzMDAwJTIyJTIwc3Ryb2tlLXdpZHRoJTNEJTIyMiUyMiUyMHN0cm9rZS1taXRlcmxpbWl0JTNEJTIyMTAlMjIlM0UlM0NwYXRoJTIwc3Ryb2tlLWxpbmVqb2luJTNEJTIyYmV2ZWwlMjIlMjBkJTNEJTIyTTI3JTIwMjFsMTQlMjAxMS0xNCUyMDExeiUyMiUyRiUzRSUzQ3BhdGglMjBkJTNEJTIyTTUzLjkyJTIwMTAuMDgxYzEyLjEwNyUyMDEyLjEwNSUyMDEyLjEwNyUyMDMxLjczMiUyMDAlMjA0My44MzgtMTIuMTA2JTIwMTIuMTA4LTMxLjczNCUyMDEyLjEwOC00My44MzklMjAwLTEyLjEwNy0xMi4xMDUtMTIuMTA3LTMxLjczMiUyMDAtNDMuODM4JTIwMTIuMTA1LTEyLjEwOCUyMDMxLjczMi0xMi4xMDglMjA0My44MzklMjAweiUyMiUyRiUzRSUzQyUyRmclM0UlM0MlMkZzdmclM0U=[\/vc_raw_html] [\/porto_interactive_banner][porto_modal modal_contain=&#8220;youtube&#8220; youtube_url=&#8220;https:\/\/www.youtube.com\/watch?v=CAuRvTH93rY&#8220; modal_on=&#8220;custom-selector&#8220; modal_on_selector=&#8220;.open-video&#8220; overlay_bg_opacity=&#8220;80&#8243;][\/porto_modal][\/vc_column][vc_column width=&#8220;1\/2&#8243; offset=&#8220;vc_col-md-5&#8243;][porto_ultimate_heading main_heading=&#8220;Franchisemarke: Simit\u00e7i D\u00fcnyas\u0131&#8220; main_heading_font_weight=&#8220;700&#8243; main_heading_color=&#8220;#ffffff&#8220; sub_heading_font_weight=&#8220;&#8220; sub_heading_color=&#8220;#e5e5e5&#8243; alignment=&#8220;left&#8220; main_heading_font_size=&#8220;25&#8243; main_heading_line_height=&#8220;37&#8243; main_heading_margin_bottom=&#8220;14&#8243; sub_heading_margin_bottom=&#8220;22&#8243;]Das Privilegium, Franchisenehmer von Simit\u00e7i [&hellip;]<\/p>\n","protected":false},"author":1,"featured_media":0,"parent":2904,"menu_order":0,"comment_status":"closed","ping_status":"closed","template":"","meta":{"footnotes":""},"class_list":["post-2932","page","type-page","status-publish","hentry"],"yoast_head":"<!-- This site is optimized with the Yoast SEO plugin v27.4 - https:\/\/yoast.com\/product\/yoast-seo-wordpress\/ -->\n<title>Bewerbungsformular - Food Port GmbH<\/title>\n<meta name=\"robots\" content=\"index, follow, max-snippet:-1, max-image-preview:large, max-video-preview:-1\" \/>\n<link rel=\"canonical\" href=\"https:\/\/www.food-port.de\/index.php\/franchise\/bewerbungsformular\/\" \/>\n<meta property=\"og:locale\" content=\"de_DE\" \/>\n<meta property=\"og:type\" content=\"article\" \/>\n<meta property=\"og:title\" content=\"Bewerbungsformular - Food Port GmbH\" \/>\n<meta property=\"og:description\" content=\"[vc_row wrap_container=&#8220;yes&#8220; css=&#8220;.vc_custom_1595403725706{margin-top: 80px !important;margin-bottom: 80px !important;}&#8220;][vc_column width=&#8220;2\/3&#8243;][vc_custom_heading text=&#8220;Bewerbungsformular&#8220; font_container=&#8220;tag:h3|text_align:left&#8220; use_theme_fonts=&#8220;yes&#8220;][\/vc_column][vc_column width=&#8220;1\/3&#8243;][\/vc_column][\/vc_row][vc_row content_placement=&#8220;middle&#8220; wrap_container=&#8220;yes&#8220; css=&#8220;.vc_custom_1595407767320{padding-top: 90px !important;padding-bottom: 70px !important;background-color: #052542 !important;}&#8220;][vc_column width=&#8220;1\/2&#8243; animation_duration=&#8220;500&#8243; animation_delay=&#8220;300&#8243; animation_type=&#8220;fadeIn&#8220;][porto_interactive_banner banner_image=&#8220;2830&#8243; image_opacity=&#8220;1&#8243; image_opacity_on_hover=&#8220;1&#8243; el_class=&#8220;video-player&#8220;] [vc_raw_html el_class=&#8220;mb-0&#8243;]JTNDc3ZnJTIweG1sbnMlM0QlMjJodHRwJTNBJTJGJTJGd3d3LnczLm9yZyUyRjIwMDAlMkZzdmclMjIlMjB3aWR0aCUzRCUyMjY0JTIyJTIwaGVpZ2h0JTNEJTIyNjQlMjIlMjB2aWV3Qm94JTNEJTIyMCUyMDAlMjA2NCUyMDY0JTIyJTNFJTNDZyUyMGZpbGwlM0QlMjJub25lJTIyJTIwc3Ryb2tlJTNEJTIyJTIzMDAwJTIyJTIwc3Ryb2tlLXdpZHRoJTNEJTIyMiUyMiUyMHN0cm9rZS1taXRlcmxpbWl0JTNEJTIyMTAlMjIlM0UlM0NwYXRoJTIwc3Ryb2tlLWxpbmVqb2luJTNEJTIyYmV2ZWwlMjIlMjBkJTNEJTIyTTI3JTIwMjFsMTQlMjAxMS0xNCUyMDExeiUyMiUyRiUzRSUzQ3BhdGglMjBkJTNEJTIyTTUzLjkyJTIwMTAuMDgxYzEyLjEwNyUyMDEyLjEwNSUyMDEyLjEwNyUyMDMxLjczMiUyMDAlMjA0My44MzgtMTIuMTA2JTIwMTIuMTA4LTMxLjczNCUyMDEyLjEwOC00My44MzklMjAwLTEyLjEwNy0xMi4xMDUtMTIuMTA3LTMxLjczMiUyMDAtNDMuODM4JTIwMTIuMTA1LTEyLjEwOCUyMDMxLjczMi0xMi4xMDglMjA0My44MzklMjAweiUyMiUyRiUzRSUzQyUyRmclM0UlM0MlMkZzdmclM0U=[\/vc_raw_html] [\/porto_interactive_banner][porto_modal modal_contain=&#8220;youtube&#8220; youtube_url=&#8220;https:\/\/www.youtube.com\/watch?v=CAuRvTH93rY&#8220; modal_on=&#8220;custom-selector&#8220; modal_on_selector=&#8220;.open-video&#8220; overlay_bg_opacity=&#8220;80&#8243;][\/porto_modal][\/vc_column][vc_column width=&#8220;1\/2&#8243; offset=&#8220;vc_col-md-5&#8243;][porto_ultimate_heading main_heading=&#8220;Franchisemarke: Simit\u00e7i D\u00fcnyas\u0131&#8220; main_heading_font_weight=&#8220;700&#8243; main_heading_color=&#8220;#ffffff&#8220; sub_heading_font_weight=&#8220;&#8220; sub_heading_color=&#8220;#e5e5e5&#8243; alignment=&#8220;left&#8220; main_heading_font_size=&#8220;25&#8243; main_heading_line_height=&#8220;37&#8243; main_heading_margin_bottom=&#8220;14&#8243; sub_heading_margin_bottom=&#8220;22&#8243;]Das Privilegium, Franchisenehmer von Simit\u00e7i [&hellip;]\" \/>\n<meta property=\"og:url\" content=\"https:\/\/www.food-port.de\/index.php\/franchise\/bewerbungsformular\/\" \/>\n<meta property=\"og:site_name\" content=\"Food Port GmbH\" \/>\n<meta property=\"article:modified_time\" content=\"2020-07-22T09:34:08+00:00\" \/>\n<meta name=\"twitter:card\" content=\"summary_large_image\" \/>\n<meta name=\"twitter:label1\" content=\"Gesch\u00e4tzte Lesezeit\" \/>\n\t<meta name=\"twitter:data1\" content=\"2\u00a0Minuten\" \/>\n<script type=\"application\/ld+json\" class=\"yoast-schema-graph\">{\"@context\":\"https:\\\/\\\/schema.org\",\"@graph\":[{\"@type\":\"WebPage\",\"@id\":\"https:\\\/\\\/www.food-port.de\\\/index.php\\\/franchise\\\/bewerbungsformular\\\/\",\"url\":\"https:\\\/\\\/www.food-port.de\\\/index.php\\\/franchise\\\/bewerbungsformular\\\/\",\"name\":\"Bewerbungsformular - Food Port GmbH\",\"isPartOf\":{\"@id\":\"https:\\\/\\\/www.food-port.de\\\/#website\"},\"datePublished\":\"2020-07-22T08:55:35+00:00\",\"dateModified\":\"2020-07-22T09:34:08+00:00\",\"breadcrumb\":{\"@id\":\"https:\\\/\\\/www.food-port.de\\\/index.php\\\/franchise\\\/bewerbungsformular\\\/#breadcrumb\"},\"inLanguage\":\"de\",\"potentialAction\":[{\"@type\":\"ReadAction\",\"target\":[\"https:\\\/\\\/www.food-port.de\\\/index.php\\\/franchise\\\/bewerbungsformular\\\/\"]}]},{\"@type\":\"BreadcrumbList\",\"@id\":\"https:\\\/\\\/www.food-port.de\\\/index.php\\\/franchise\\\/bewerbungsformular\\\/#breadcrumb\",\"itemListElement\":[{\"@type\":\"ListItem\",\"position\":1,\"name\":\"Startseite\",\"item\":\"https:\\\/\\\/www.food-port.de\\\/\"},{\"@type\":\"ListItem\",\"position\":2,\"name\":\"Franchise\",\"item\":\"https:\\\/\\\/www.food-port.de\\\/index.php\\\/franchise\\\/\"},{\"@type\":\"ListItem\",\"position\":3,\"name\":\"Bewerbungsformular\"}]},{\"@type\":\"WebSite\",\"@id\":\"https:\\\/\\\/www.food-port.de\\\/#website\",\"url\":\"https:\\\/\\\/www.food-port.de\\\/\",\"name\":\"Food Port GmbH\",\"description\":\"Eine weitere WordPress-Website\",\"potentialAction\":[{\"@type\":\"SearchAction\",\"target\":{\"@type\":\"EntryPoint\",\"urlTemplate\":\"https:\\\/\\\/www.food-port.de\\\/?s={search_term_string}\"},\"query-input\":{\"@type\":\"PropertyValueSpecification\",\"valueRequired\":true,\"valueName\":\"search_term_string\"}}],\"inLanguage\":\"de\"}]}<\/script>\n<!-- \/ Yoast SEO plugin. -->","yoast_head_json":{"title":"Bewerbungsformular - Food Port GmbH","robots":{"index":"index","follow":"follow","max-snippet":"max-snippet:-1","max-image-preview":"max-image-preview:large","max-video-preview":"max-video-preview:-1"},"canonical":"https:\/\/www.food-port.de\/index.php\/franchise\/bewerbungsformular\/","og_locale":"de_DE","og_type":"article","og_title":"Bewerbungsformular - Food Port GmbH","og_description":"[vc_row wrap_container=&#8220;yes&#8220; css=&#8220;.vc_custom_1595403725706{margin-top: 80px !important;margin-bottom: 80px !important;}&#8220;][vc_column width=&#8220;2\/3&#8243;][vc_custom_heading text=&#8220;Bewerbungsformular&#8220; font_container=&#8220;tag:h3|text_align:left&#8220; use_theme_fonts=&#8220;yes&#8220;][\/vc_column][vc_column width=&#8220;1\/3&#8243;][\/vc_column][\/vc_row][vc_row content_placement=&#8220;middle&#8220; wrap_container=&#8220;yes&#8220; css=&#8220;.vc_custom_1595407767320{padding-top: 90px !important;padding-bottom: 70px !important;background-color: #052542 !important;}&#8220;][vc_column width=&#8220;1\/2&#8243; animation_duration=&#8220;500&#8243; animation_delay=&#8220;300&#8243; animation_type=&#8220;fadeIn&#8220;][porto_interactive_banner banner_image=&#8220;2830&#8243; image_opacity=&#8220;1&#8243; image_opacity_on_hover=&#8220;1&#8243; el_class=&#8220;video-player&#8220;] [vc_raw_html el_class=&#8220;mb-0&#8243;]JTNDc3ZnJTIweG1sbnMlM0QlMjJodHRwJTNBJTJGJTJGd3d3LnczLm9yZyUyRjIwMDAlMkZzdmclMjIlMjB3aWR0aCUzRCUyMjY0JTIyJTIwaGVpZ2h0JTNEJTIyNjQlMjIlMjB2aWV3Qm94JTNEJTIyMCUyMDAlMjA2NCUyMDY0JTIyJTNFJTNDZyUyMGZpbGwlM0QlMjJub25lJTIyJTIwc3Ryb2tlJTNEJTIyJTIzMDAwJTIyJTIwc3Ryb2tlLXdpZHRoJTNEJTIyMiUyMiUyMHN0cm9rZS1taXRlcmxpbWl0JTNEJTIyMTAlMjIlM0UlM0NwYXRoJTIwc3Ryb2tlLWxpbmVqb2luJTNEJTIyYmV2ZWwlMjIlMjBkJTNEJTIyTTI3JTIwMjFsMTQlMjAxMS0xNCUyMDExeiUyMiUyRiUzRSUzQ3BhdGglMjBkJTNEJTIyTTUzLjkyJTIwMTAuMDgxYzEyLjEwNyUyMDEyLjEwNSUyMDEyLjEwNyUyMDMxLjczMiUyMDAlMjA0My44MzgtMTIuMTA2JTIwMTIuMTA4LTMxLjczNCUyMDEyLjEwOC00My44MzklMjAwLTEyLjEwNy0xMi4xMDUtMTIuMTA3LTMxLjczMiUyMDAtNDMuODM4JTIwMTIuMTA1LTEyLjEwOCUyMDMxLjczMi0xMi4xMDglMjA0My44MzklMjAweiUyMiUyRiUzRSUzQyUyRmclM0UlM0MlMkZzdmclM0U=[\/vc_raw_html] [\/porto_interactive_banner][porto_modal modal_contain=&#8220;youtube&#8220; youtube_url=&#8220;https:\/\/www.youtube.com\/watch?v=CAuRvTH93rY&#8220; modal_on=&#8220;custom-selector&#8220; modal_on_selector=&#8220;.open-video&#8220; overlay_bg_opacity=&#8220;80&#8243;][\/porto_modal][\/vc_column][vc_column width=&#8220;1\/2&#8243; offset=&#8220;vc_col-md-5&#8243;][porto_ultimate_heading main_heading=&#8220;Franchisemarke: Simit\u00e7i D\u00fcnyas\u0131&#8220; main_heading_font_weight=&#8220;700&#8243; main_heading_color=&#8220;#ffffff&#8220; sub_heading_font_weight=&#8220;&#8220; sub_heading_color=&#8220;#e5e5e5&#8243; alignment=&#8220;left&#8220; main_heading_font_size=&#8220;25&#8243; main_heading_line_height=&#8220;37&#8243; main_heading_margin_bottom=&#8220;14&#8243; sub_heading_margin_bottom=&#8220;22&#8243;]Das Privilegium, Franchisenehmer von Simit\u00e7i [&hellip;]","og_url":"https:\/\/www.food-port.de\/index.php\/franchise\/bewerbungsformular\/","og_site_name":"Food Port GmbH","article_modified_time":"2020-07-22T09:34:08+00:00","twitter_card":"summary_large_image","twitter_misc":{"Gesch\u00e4tzte Lesezeit":"2\u00a0Minuten"},"schema":{"@context":"https:\/\/schema.org","@graph":[{"@type":"WebPage","@id":"https:\/\/www.food-port.de\/index.php\/franchise\/bewerbungsformular\/","url":"https:\/\/www.food-port.de\/index.php\/franchise\/bewerbungsformular\/","name":"Bewerbungsformular - Food Port GmbH","isPartOf":{"@id":"https:\/\/www.food-port.de\/#website"},"datePublished":"2020-07-22T08:55:35+00:00","dateModified":"2020-07-22T09:34:08+00:00","breadcrumb":{"@id":"https:\/\/www.food-port.de\/index.php\/franchise\/bewerbungsformular\/#breadcrumb"},"inLanguage":"de","potentialAction":[{"@type":"ReadAction","target":["https:\/\/www.food-port.de\/index.php\/franchise\/bewerbungsformular\/"]}]},{"@type":"BreadcrumbList","@id":"https:\/\/www.food-port.de\/index.php\/franchise\/bewerbungsformular\/#breadcrumb","itemListElement":[{"@type":"ListItem","position":1,"name":"Startseite","item":"https:\/\/www.food-port.de\/"},{"@type":"ListItem","position":2,"name":"Franchise","item":"https:\/\/www.food-port.de\/index.php\/franchise\/"},{"@type":"ListItem","position":3,"name":"Bewerbungsformular"}]},{"@type":"WebSite","@id":"https:\/\/www.food-port.de\/#website","url":"https:\/\/www.food-port.de\/","name":"Food Port GmbH","description":"Eine weitere WordPress-Website","potentialAction":[{"@type":"SearchAction","target":{"@type":"EntryPoint","urlTemplate":"https:\/\/www.food-port.de\/?s={search_term_string}"},"query-input":{"@type":"PropertyValueSpecification","valueRequired":true,"valueName":"search_term_string"}}],"inLanguage":"de"}]}},"_links":{"self":[{"href":"https:\/\/www.food-port.de\/index.php\/wp-json\/wp\/v2\/pages\/2932","targetHints":{"allow":["GET"]}}],"collection":[{"href":"https:\/\/www.food-port.de\/index.php\/wp-json\/wp\/v2\/pages"}],"about":[{"href":"https:\/\/www.food-port.de\/index.php\/wp-json\/wp\/v2\/types\/page"}],"author":[{"embeddable":true,"href":"https:\/\/www.food-port.de\/index.php\/wp-json\/wp\/v2\/users\/1"}],"replies":[{"embeddable":true,"href":"https:\/\/www.food-port.de\/index.php\/wp-json\/wp\/v2\/comments?post=2932"}],"version-history":[{"count":3,"href":"https:\/\/www.food-port.de\/index.php\/wp-json\/wp\/v2\/pages\/2932\/revisions"}],"predecessor-version":[{"id":2948,"href":"https:\/\/www.food-port.de\/index.php\/wp-json\/wp\/v2\/pages\/2932\/revisions\/2948"}],"up":[{"embeddable":true,"href":"https:\/\/www.food-port.de\/index.php\/wp-json\/wp\/v2\/pages\/2904"}],"wp:attachment":[{"href":"https:\/\/www.food-port.de\/index.php\/wp-json\/wp\/v2\/media?parent=2932"}],"curies":[{"name":"wp","href":"https:\/\/api.w.org\/{rel}","templated":true}]}}