{"id":2934,"date":"2020-07-22T10:55:53","date_gmt":"2020-07-22T08:55:53","guid":{"rendered":"https:\/\/relaunch.food-port.de\/?page_id=2934"},"modified":"2020-07-22T11:06:02","modified_gmt":"2020-07-22T09:06:02","slug":"faq","status":"publish","type":"page","link":"https:\/\/www.food-port.de\/index.php\/franchise\/faq\/","title":{"rendered":"FAQ"},"content":{"rendered":"<p>[vc_row wrap_container=&#8220;yes&#8220; css=&#8220;.vc_custom_1595403725706{margin-top: 80px !important;margin-bottom: 80px !important;}&#8220;][vc_column width=&#8220;1\/2&#8243;][vc_custom_heading text=&#8220;Franchise \/ FAQ&#8220; font_container=&#8220;tag:h3|text_align:left&#8220; use_theme_fonts=&#8220;yes&#8220;][\/vc_column][vc_column width=&#8220;1\/2&#8243;][\/vc_column][\/vc_row][vc_row wrap_container=&#8220;yes&#8220; css=&#8220;.vc_custom_1595403725706{margin-top: 80px !important;margin-bottom: 80px !important;}&#8220;][vc_column width=&#8220;1\/2&#8243;][vc_toggle title=&#8220;Bieten Sie Franchising (Zweigstellenlizenz) an?&#8220;]Ja, die Marke Simit\u00e7i D\u00fcnyas\u0131 expandierte durch Franchising\/Zweigstellenlizenzen im In- und Ausland.<br \/>\n[\/vc_toggle][vc_toggle title=&#8220;Wie hoch wird durchschnittlich die ben\u00f6tigte Investition sein?&#8220;]Die H\u00f6he der Investition variiert je nach Ladengr\u00f6\u00dfe und Ladentyp (Backstubencaf\u00e9, Bistro-Caf\u00e9).<br \/>\n[\/vc_toggle][vc_toggle title=&#8220;Wird ein umsatzgebundener Beteiligungsanteil erhalten?&#8220;]Ja, es wird ein Beteiligungsanteil nach Monatsumsatz erhalten.<br \/>\n[\/vc_toggle][vc_toggle title=&#8220;Wer \u00fcbernimmt die Projekt-, Ausstattung- und Bauarbeiten?&#8220;]Die Zweigstelle wird vollkommen seitens Simit\u00e7i D\u00fcnyas\u0131 fertiggestellt und Ihnen schl\u00fcsselfertig \u00fcbergeben.<br \/>\n[\/vc_toggle][vc_toggle title=&#8220;Wie viel m\u00b2 Fl\u00e4che sollen der Innen- und Au\u00dfenbereich des Ladens der neuen Zweigstelle aufweisen?&#8220;]Die gew\u00fcnschte Fl\u00e4che des Innenbereichs f\u00fcr L\u00e4den von Simit\u00e7i D\u00fcnyas\u0131 sollen <strong>minimum<\/strong> 100m\u00b2 betragen. F\u00fcr den Au\u00dfenbereich ist keine Fl\u00e4chengr\u00f6\u00dfe festgelegt und au\u00dferdem soll nicht f\u00fcr jeden Laden unbedingt ein Au\u00dfenbereich vorhanden sein.[\/vc_toggle][vc_toggle title=&#8220;Kann ich den Standort der zu er\u00f6ffnenden Zweigstelle bestimmen?&#8220;]Der von Ihnen vorgeschlagene Standort wird seitens Simit\u00e7i D\u00fcnyas\u0131 nach Eignung gepr\u00fcft und entsprechend entschieden.<br \/>\n[\/vc_toggle][vc_toggle title=&#8220;Wird f\u00fcr den Laden, den ich als Zweigstelle zu f\u00fchren gedenke, eine Durchf\u00fchrbarkeitsstudie \/ Eignungspr\u00fcfung durchgef\u00fchrt?&#8220;]Simit\u00e7i D\u00fcnyas\u0131 f\u00fchrt \u00fcber jeden Standort von zu er\u00f6ffnenden Zweigstellen eine Durchf\u00fchrbarkeitsstudie und Erkundung auf Bezirks- und Stadtbasis durch.<br \/>\n[\/vc_toggle][vc_toggle title=&#8220;Wie wird meine Zweigstelle mit Produkten versorgt?&#8220;]Ihre Produkte werden aus K\u00fchlh\u00e4usern der Fertigungseinrichtung von Simit\u00e7i D\u00fcnyas\u0131 mittels K\u00fchlfahrzeugen und ohne Unterbrechung der Tiefk\u00fchlkette zu Ihrem Lager angeliefert.<br \/>\n[\/vc_toggle][\/vc_column][vc_column width=&#8220;1\/2&#8243;][vc_toggle title=&#8220;Wie werden die Produkte zum Ausstellen und Verkauf vorbereitet?&#8220;]Die Produkte werden auf der Art und Weise, wie es Ihnen und Ihrem Team bei Schulungen beigebracht wird, nach verschiedenen Anwendungen gegart und vorbereitet. In Ihrer Zweigstelle bestehen entsprechende M\u00f6glichkeiten, s\u00e4mtliche Anwendungen durchzuf\u00fchren.<br \/>\n[\/vc_toggle][vc_toggle title=&#8220;Werden die Backwaren in meiner Zweigstelle gebacken?&#8220;]Die Frische von Simit\u00e7i D\u00fcnyas\u0131, an die seine G\u00e4ste gewohnt sind, wird im Gegensatz zu meisten Markenf\u00fchrer nicht t\u00e4glich, sondern st\u00fcndlich angeboten. Um diese Frische zu gew\u00e4hrleisten, werden die Produkte auf Nachfrage in bestimmten Abst\u00e4nden aufgebacken und ofenfrisch und warm angeboten.<br \/>\n[\/vc_toggle][vc_toggle title=&#8220;Wird bei den Backwaren innovativ vorgegangen? Werden neue Produkte angeboten?&#8220;]Entsprechend dem Geschmack und der Nachfrage der G\u00e4ste bietet Simit\u00e7i D\u00fcnyas\u0131 monatlich durchschnittlich 2-3 neue Produkte an.<br \/>\n[\/vc_toggle][vc_toggle title=&#8220;In welchem Abstand werden die Men\u00fcs der Bistro-Caf\u00e9s erneuert?&#8220;]Da wir die aktuellsten und dynamischsten Geschmacksrichtungen aus internationalen und nationalen K\u00fcchen anbieten, werden die Men\u00fcs ein Mal im Jahr und zwar zum Saisonbeginn neu gestaltet.<br \/>\n[\/vc_toggle][vc_toggle title=&#8220;Finden die Schulungen f\u00fcr das Zweigstellenteam nur ein Mal statt oder fortlaufend veranstaltet?&#8220;]Nach Er\u00f6ffnung der Zweigstellen werden unsere Schulungsma\u00dfnahmen nach Bestimmung der Schulungsberater und &#8211; Fachkr\u00e4fte von Simit\u00e7i D\u00fcnyas\u0131 in bestimmten Abst\u00e4nden fortgesetzt.<br \/>\n[\/vc_toggle][vc_toggle title=&#8220;F\u00fcr wie viele Jahre wird ein Vertrag zum Franchising (Zweigstellenlizenz) abgeschlossen?&#8220;]Der Franchisingsvertrag von Simit\u00e7i D\u00fcnyas\u0131 wird f\u00fcr 10 Jahre abgeschlossen.<br \/>\n[\/vc_toggle][vc_toggle title=&#8220;Welche Prozeduren werden zur Einstellung und Schulung von Zweigstellenpersonal durchgef\u00fchrt?&#8220;]Die Mitarbeiterkandidaten, die seitens Simit\u00e7i D\u00fcnyas\u0131 und Franchisenehmers gemeinsam f\u00fcr geeignet befunden werden, werden einer Ausbildungsma\u00dfnahme unterzogen und bis zum Datum der Er\u00f6ffnung der betreffenden Zweigstelle und gem\u00e4\u00df der Stellung, die von ihnen betreut werden soll, fortgebildet.<br \/>\n[\/vc_toggle][\/vc_column][\/vc_row][vc_row content_placement=&#8220;middle&#8220; wrap_container=&#8220;yes&#8220; css=&#8220;.vc_custom_1595407767320{padding-top: 90px !important;padding-bottom: 70px !important;background-color: #052542 !important;}&#8220;][vc_column width=&#8220;1\/2&#8243; animation_duration=&#8220;500&#8243; animation_delay=&#8220;300&#8243; animation_type=&#8220;fadeIn&#8220;][porto_interactive_banner banner_image=&#8220;2830&#8243; image_opacity=&#8220;1&#8243; image_opacity_on_hover=&#8220;1&#8243; el_class=&#8220;video-player&#8220;]<\/p>\n<div class=\"open-video\">[vc_raw_html el_class=&#8220;mb-0&#8243;]JTNDc3ZnJTIweG1sbnMlM0QlMjJodHRwJTNBJTJGJTJGd3d3LnczLm9yZyUyRjIwMDAlMkZzdmclMjIlMjB3aWR0aCUzRCUyMjY0JTIyJTIwaGVpZ2h0JTNEJTIyNjQlMjIlMjB2aWV3Qm94JTNEJTIyMCUyMDAlMjA2NCUyMDY0JTIyJTNFJTNDZyUyMGZpbGwlM0QlMjJub25lJTIyJTIwc3Ryb2tlJTNEJTIyJTIzMDAwJTIyJTIwc3Ryb2tlLXdpZHRoJTNEJTIyMiUyMiUyMHN0cm9rZS1taXRlcmxpbWl0JTNEJTIyMTAlMjIlM0UlM0NwYXRoJTIwc3Ryb2tlLWxpbmVqb2luJTNEJTIyYmV2ZWwlMjIlMjBkJTNEJTIyTTI3JTIwMjFsMTQlMjAxMS0xNCUyMDExeiUyMiUyRiUzRSUzQ3BhdGglMjBkJTNEJTIyTTUzLjkyJTIwMTAuMDgxYzEyLjEwNyUyMDEyLjEwNSUyMDEyLjEwNyUyMDMxLjczMiUyMDAlMjA0My44MzgtMTIuMTA2JTIwMTIuMTA4LTMxLjczNCUyMDEyLjEwOC00My44MzklMjAwLTEyLjEwNy0xMi4xMDUtMTIuMTA3LTMxLjczMiUyMDAtNDMuODM4JTIwMTIuMTA1LTEyLjEwOCUyMDMxLjczMi0xMi4xMDglMjA0My44MzklMjAweiUyMiUyRiUzRSUzQyUyRmclM0UlM0MlMkZzdmclM0U=[\/vc_raw_html]<\/div>\n<p>[\/porto_interactive_banner][porto_modal modal_contain=&#8220;youtube&#8220; youtube_url=&#8220;https:\/\/www.youtube.com\/watch?v=CAuRvTH93rY&#8220; modal_on=&#8220;custom-selector&#8220; modal_on_selector=&#8220;.open-video&#8220; overlay_bg_opacity=&#8220;80&#8243;][\/porto_modal][\/vc_column][vc_column width=&#8220;1\/2&#8243; offset=&#8220;vc_col-md-5&#8243;][porto_ultimate_heading main_heading=&#8220;Franchisemarke: Simit\u00e7i D\u00fcnyas\u0131&#8220; main_heading_font_weight=&#8220;700&#8243; main_heading_color=&#8220;#ffffff&#8220; sub_heading_font_weight=&#8220;&#8220; sub_heading_color=&#8220;#e5e5e5&#8243; alignment=&#8220;left&#8220; main_heading_font_size=&#8220;25&#8243; main_heading_line_height=&#8220;37&#8243; main_heading_margin_bottom=&#8220;14&#8243; sub_heading_margin_bottom=&#8220;22&#8243;]Das Privilegium, Franchisenehmer von Simit\u00e7i D\u00fcnyas\u0131 zu sein, werden Sie von Ihrer Bewerbung bis, dass Ihr Kunde Ihre Lokalit\u00e4t verl\u00e4sst, bei jeder Etappe ersp\u00fcren. Durch unsere Schulungs- und Fortbildungs-Ma\u00dfnahmen an Sie und Ihr Team sorgen wir daf\u00fcr, dass sowohl Ihr Sie als auch unser Ruf im Zusammenhang mit der wahren Dienstleistungsqualit\u00e4t erw\u00e4hnt werden.[\/porto_ultimate_heading][\/vc_column][\/vc_row]<\/p>\n","protected":false},"excerpt":{"rendered":"<p>[vc_row wrap_container=&#8220;yes&#8220; css=&#8220;.vc_custom_1595403725706{margin-top: 80px !important;margin-bottom: 80px !important;}&#8220;][vc_column width=&#8220;1\/2&#8243;][vc_custom_heading text=&#8220;Franchise \/ FAQ&#8220; font_container=&#8220;tag:h3|text_align:left&#8220; use_theme_fonts=&#8220;yes&#8220;][\/vc_column][vc_column width=&#8220;1\/2&#8243;][\/vc_column][\/vc_row][vc_row wrap_container=&#8220;yes&#8220; css=&#8220;.vc_custom_1595403725706{margin-top: 80px !important;margin-bottom: 80px !important;}&#8220;][vc_column width=&#8220;1\/2&#8243;][vc_toggle title=&#8220;Bieten Sie Franchising (Zweigstellenlizenz) an?&#8220;]Ja, die Marke Simit\u00e7i D\u00fcnyas\u0131 expandierte durch Franchising\/Zweigstellenlizenzen im In- und Ausland. [\/vc_toggle][vc_toggle title=&#8220;Wie hoch wird durchschnittlich die ben\u00f6tigte Investition sein?&#8220;]Die H\u00f6he der Investition variiert je nach Ladengr\u00f6\u00dfe und Ladentyp [&hellip;]<\/p>\n","protected":false},"author":1,"featured_media":0,"parent":2904,"menu_order":0,"comment_status":"closed","ping_status":"closed","template":"","meta":{"footnotes":""},"class_list":["post-2934","page","type-page","status-publish","hentry"],"yoast_head":"<!-- This site is optimized with the Yoast SEO plugin v27.4 - https:\/\/yoast.com\/product\/yoast-seo-wordpress\/ -->\n<title>FAQ - Food Port GmbH<\/title>\n<meta name=\"robots\" content=\"index, follow, max-snippet:-1, max-image-preview:large, max-video-preview:-1\" \/>\n<link rel=\"canonical\" href=\"https:\/\/www.food-port.de\/index.php\/franchise\/faq\/\" \/>\n<meta property=\"og:locale\" content=\"de_DE\" \/>\n<meta property=\"og:type\" content=\"article\" \/>\n<meta property=\"og:title\" content=\"FAQ - Food Port GmbH\" \/>\n<meta property=\"og:description\" content=\"[vc_row wrap_container=&#8220;yes&#8220; css=&#8220;.vc_custom_1595403725706{margin-top: 80px !important;margin-bottom: 80px !important;}&#8220;][vc_column width=&#8220;1\/2&#8243;][vc_custom_heading text=&#8220;Franchise \/ FAQ&#8220; font_container=&#8220;tag:h3|text_align:left&#8220; use_theme_fonts=&#8220;yes&#8220;][\/vc_column][vc_column width=&#8220;1\/2&#8243;][\/vc_column][\/vc_row][vc_row wrap_container=&#8220;yes&#8220; css=&#8220;.vc_custom_1595403725706{margin-top: 80px !important;margin-bottom: 80px !important;}&#8220;][vc_column width=&#8220;1\/2&#8243;][vc_toggle title=&#8220;Bieten Sie Franchising (Zweigstellenlizenz) an?&#8220;]Ja, die Marke Simit\u00e7i D\u00fcnyas\u0131 expandierte durch Franchising\/Zweigstellenlizenzen im In- und Ausland. [\/vc_toggle][vc_toggle title=&#8220;Wie hoch wird durchschnittlich die ben\u00f6tigte Investition sein?&#8220;]Die H\u00f6he der Investition variiert je nach Ladengr\u00f6\u00dfe und Ladentyp [&hellip;]\" \/>\n<meta property=\"og:url\" content=\"https:\/\/www.food-port.de\/index.php\/franchise\/faq\/\" \/>\n<meta property=\"og:site_name\" content=\"Food Port GmbH\" \/>\n<meta property=\"article:modified_time\" content=\"2020-07-22T09:06:02+00:00\" \/>\n<meta name=\"twitter:card\" content=\"summary_large_image\" \/>\n<meta name=\"twitter:label1\" content=\"Gesch\u00e4tzte Lesezeit\" \/>\n\t<meta name=\"twitter:data1\" content=\"5\u00a0Minuten\" \/>\n<script type=\"application\/ld+json\" class=\"yoast-schema-graph\">{\"@context\":\"https:\\\/\\\/schema.org\",\"@graph\":[{\"@type\":\"WebPage\",\"@id\":\"https:\\\/\\\/www.food-port.de\\\/index.php\\\/franchise\\\/faq\\\/\",\"url\":\"https:\\\/\\\/www.food-port.de\\\/index.php\\\/franchise\\\/faq\\\/\",\"name\":\"FAQ - Food Port GmbH\",\"isPartOf\":{\"@id\":\"https:\\\/\\\/www.food-port.de\\\/#website\"},\"datePublished\":\"2020-07-22T08:55:53+00:00\",\"dateModified\":\"2020-07-22T09:06:02+00:00\",\"breadcrumb\":{\"@id\":\"https:\\\/\\\/www.food-port.de\\\/index.php\\\/franchise\\\/faq\\\/#breadcrumb\"},\"inLanguage\":\"de\",\"potentialAction\":[{\"@type\":\"ReadAction\",\"target\":[\"https:\\\/\\\/www.food-port.de\\\/index.php\\\/franchise\\\/faq\\\/\"]}]},{\"@type\":\"BreadcrumbList\",\"@id\":\"https:\\\/\\\/www.food-port.de\\\/index.php\\\/franchise\\\/faq\\\/#breadcrumb\",\"itemListElement\":[{\"@type\":\"ListItem\",\"position\":1,\"name\":\"Startseite\",\"item\":\"https:\\\/\\\/www.food-port.de\\\/\"},{\"@type\":\"ListItem\",\"position\":2,\"name\":\"Franchise\",\"item\":\"https:\\\/\\\/www.food-port.de\\\/index.php\\\/franchise\\\/\"},{\"@type\":\"ListItem\",\"position\":3,\"name\":\"FAQ\"}]},{\"@type\":\"WebSite\",\"@id\":\"https:\\\/\\\/www.food-port.de\\\/#website\",\"url\":\"https:\\\/\\\/www.food-port.de\\\/\",\"name\":\"Food Port GmbH\",\"description\":\"Eine weitere WordPress-Website\",\"potentialAction\":[{\"@type\":\"SearchAction\",\"target\":{\"@type\":\"EntryPoint\",\"urlTemplate\":\"https:\\\/\\\/www.food-port.de\\\/?s={search_term_string}\"},\"query-input\":{\"@type\":\"PropertyValueSpecification\",\"valueRequired\":true,\"valueName\":\"search_term_string\"}}],\"inLanguage\":\"de\"}]}<\/script>\n<!-- \/ Yoast SEO plugin. -->","yoast_head_json":{"title":"FAQ - Food Port GmbH","robots":{"index":"index","follow":"follow","max-snippet":"max-snippet:-1","max-image-preview":"max-image-preview:large","max-video-preview":"max-video-preview:-1"},"canonical":"https:\/\/www.food-port.de\/index.php\/franchise\/faq\/","og_locale":"de_DE","og_type":"article","og_title":"FAQ - Food Port GmbH","og_description":"[vc_row wrap_container=&#8220;yes&#8220; css=&#8220;.vc_custom_1595403725706{margin-top: 80px !important;margin-bottom: 80px !important;}&#8220;][vc_column width=&#8220;1\/2&#8243;][vc_custom_heading text=&#8220;Franchise \/ FAQ&#8220; font_container=&#8220;tag:h3|text_align:left&#8220; use_theme_fonts=&#8220;yes&#8220;][\/vc_column][vc_column width=&#8220;1\/2&#8243;][\/vc_column][\/vc_row][vc_row wrap_container=&#8220;yes&#8220; css=&#8220;.vc_custom_1595403725706{margin-top: 80px !important;margin-bottom: 80px !important;}&#8220;][vc_column width=&#8220;1\/2&#8243;][vc_toggle title=&#8220;Bieten Sie Franchising (Zweigstellenlizenz) an?&#8220;]Ja, die Marke Simit\u00e7i D\u00fcnyas\u0131 expandierte durch Franchising\/Zweigstellenlizenzen im In- und Ausland. [\/vc_toggle][vc_toggle title=&#8220;Wie hoch wird durchschnittlich die ben\u00f6tigte Investition sein?&#8220;]Die H\u00f6he der Investition variiert je nach Ladengr\u00f6\u00dfe und Ladentyp [&hellip;]","og_url":"https:\/\/www.food-port.de\/index.php\/franchise\/faq\/","og_site_name":"Food Port GmbH","article_modified_time":"2020-07-22T09:06:02+00:00","twitter_card":"summary_large_image","twitter_misc":{"Gesch\u00e4tzte Lesezeit":"5\u00a0Minuten"},"schema":{"@context":"https:\/\/schema.org","@graph":[{"@type":"WebPage","@id":"https:\/\/www.food-port.de\/index.php\/franchise\/faq\/","url":"https:\/\/www.food-port.de\/index.php\/franchise\/faq\/","name":"FAQ - Food Port GmbH","isPartOf":{"@id":"https:\/\/www.food-port.de\/#website"},"datePublished":"2020-07-22T08:55:53+00:00","dateModified":"2020-07-22T09:06:02+00:00","breadcrumb":{"@id":"https:\/\/www.food-port.de\/index.php\/franchise\/faq\/#breadcrumb"},"inLanguage":"de","potentialAction":[{"@type":"ReadAction","target":["https:\/\/www.food-port.de\/index.php\/franchise\/faq\/"]}]},{"@type":"BreadcrumbList","@id":"https:\/\/www.food-port.de\/index.php\/franchise\/faq\/#breadcrumb","itemListElement":[{"@type":"ListItem","position":1,"name":"Startseite","item":"https:\/\/www.food-port.de\/"},{"@type":"ListItem","position":2,"name":"Franchise","item":"https:\/\/www.food-port.de\/index.php\/franchise\/"},{"@type":"ListItem","position":3,"name":"FAQ"}]},{"@type":"WebSite","@id":"https:\/\/www.food-port.de\/#website","url":"https:\/\/www.food-port.de\/","name":"Food Port GmbH","description":"Eine weitere WordPress-Website","potentialAction":[{"@type":"SearchAction","target":{"@type":"EntryPoint","urlTemplate":"https:\/\/www.food-port.de\/?s={search_term_string}"},"query-input":{"@type":"PropertyValueSpecification","valueRequired":true,"valueName":"search_term_string"}}],"inLanguage":"de"}]}},"_links":{"self":[{"href":"https:\/\/www.food-port.de\/index.php\/wp-json\/wp\/v2\/pages\/2934","targetHints":{"allow":["GET"]}}],"collection":[{"href":"https:\/\/www.food-port.de\/index.php\/wp-json\/wp\/v2\/pages"}],"about":[{"href":"https:\/\/www.food-port.de\/index.php\/wp-json\/wp\/v2\/types\/page"}],"author":[{"embeddable":true,"href":"https:\/\/www.food-port.de\/index.php\/wp-json\/wp\/v2\/users\/1"}],"replies":[{"embeddable":true,"href":"https:\/\/www.food-port.de\/index.php\/wp-json\/wp\/v2\/comments?post=2934"}],"version-history":[{"count":7,"href":"https:\/\/www.food-port.de\/index.php\/wp-json\/wp\/v2\/pages\/2934\/revisions"}],"predecessor-version":[{"id":2943,"href":"https:\/\/www.food-port.de\/index.php\/wp-json\/wp\/v2\/pages\/2934\/revisions\/2943"}],"up":[{"embeddable":true,"href":"https:\/\/www.food-port.de\/index.php\/wp-json\/wp\/v2\/pages\/2904"}],"wp:attachment":[{"href":"https:\/\/www.food-port.de\/index.php\/wp-json\/wp\/v2\/media?parent=2934"}],"curies":[{"name":"wp","href":"https:\/\/api.w.org\/{rel}","templated":true}]}}