{"id":55,"date":"2016-06-13T15:48:45","date_gmt":"2016-06-13T15:48:45","guid":{"rendered":"http:\/\/sw-themes.com\/porto_dummy\/?page_id=55"},"modified":"2020-10-21T10:35:28","modified_gmt":"2020-10-21T08:35:28","slug":"ueber-uns","status":"publish","type":"page","link":"https:\/\/www.food-port.de\/index.php\/ueber-uns\/","title":{"rendered":"\u00dcber Uns"},"content":{"rendered":"<p>[vc_row wrap_container=&#8220;yes&#8220; el_class=&#8220;pb-5 overflow-hidden&#8220; css=&#8220;.vc_custom_1590573459067{background-color: #efefef !important;}&#8220;][vc_column width=&#8220;3\/4&#8243; el_class=&#8220;mx-md-auto&#8220; animation_type=&#8220;maskUp&#8220;][porto_fancytext fancytext_prefix=&#8220;Food Port&#8220; strings_tickerspeed=&#8220;200&#8243; strings_font_family=&#8220;Open Sans&#8220; fancytext_effect=&#8220;ticker&#8220; ticker_show_items=&#8220;1&#8243; strings_line_height=&#8220;46&#8243; fancytext_strings=&#8220;Backwaren<br \/>\nTorten<br \/>\nFranchise&#8220; fancytext_color=&#8220;#ffffff&#8220; ticker_background=&#8220;#c0171d&#8220; el_class=&#8220;short m-t-xxl&#8220; strings_font_size=&#8220;32&#8243; prefsuf_font_style=&#8220;700&#8243; prefix_suffix_font_size=&#8220;32&#8243;][vc_column_text css_animation=&#8220;none&#8220; el_class=&#8220;text-center&#8220;]<\/p>\n<p class=\"lead\">Das Unternehmen Food Port GmbH wurde im Jahr 2019 am Standort Unna er\u00f6ffnet. Als Franchisegeber werden wir innovativen und kreativen Menschen die M\u00f6glichkeit er\u00f6ffnen, unsere Visionen und Philosophien deutschlandweit nach au\u00dfen zu tragen. Bereits im Jahre 2019 wurden 4 Filialen in Dortmund und Wuppertal er\u00f6ffnet. Im n\u00e4chsten Jahr sind\u00a0 weitere Standorte in deutschen Gro\u00dfst\u00e4dten geplant. In den Niederlanden sind bereits 5 Filialen ge\u00f6ffnet.<br \/>\nFood Port GmbH sieht selbstbewusst in die Zukunft und expandiert auch in den n\u00e4chsten Jahren. Und das Ganze mit unseren Werten und Ansichten, die unsere Franchisenehmer und unsere G\u00e4ste an vielen Standorten schon \u00fcberzeugt haben.<\/p>\n<p>[\/vc_column_text][\/vc_column][\/vc_row][vc_row full_width=&#8220;stretch_row&#8220; wrap_container=&#8220;yes&#8220; is_section=&#8220;yes&#8220; section_skin=&#8220;primary&#8220; remove_margin_top=&#8220;yes&#8220; remove_margin_bottom=&#8220;yes&#8220; remove_border=&#8220;yes&#8220; animation_delay=&#8220;100&#8243; el_class=&#8220;pb-5&#8243; animation_type=&#8220;fadeIn&#8220;][vc_column width=&#8220;1\/4&#8243;][porto_stat_counter icon_type=&#8220;simpleline&#8220; icon_size=&#8220;25&#8243; icon_color=&#8220;#ffffff&#8220; counter_title=&#8220;Jahre Erfahrung&#8220; counter_value=&#8220;10&#8243; counter_sep=&#8220;&#8220; speed=&#8220;3&#8243; el_class=&#8220;m-b&#8220; counter_color_txt=&#8220;#ffffff&#8220; desc_font_color=&#8220;#ffffff&#8220; suf_pref_font_color=&#8220;#ffffff&#8220; title_font_size=&#8220;16.8&#8243; desc_font_size=&#8220;35&#8243; suf_pref_font_size=&#8220;35&#8243; icon_simpleline=&#8220;Simple-Line-Icons-emotsmile&#8220; desc_font_line_height=&#8220;35&#8243; suf_pref_line_height=&#8220;35&#8243;][\/vc_column][vc_column width=&#8220;1\/4&#8243;][porto_stat_counter icon_type=&#8220;simpleline&#8220; icon_size=&#8220;25&#8243; icon_color=&#8220;#ffffff&#8220; counter_title=&#8220;Verschiedene Artikel&#8220; counter_value=&#8220;7000&#8243; counter_sep=&#8220;.&#8220; counter_prefix=&#8220;+&#8220; speed=&#8220;3&#8243; el_class=&#8220;m-b&#8220; counter_color_txt=&#8220;#ffffff&#8220; desc_font_color=&#8220;#ffffff&#8220; suf_pref_font_color=&#8220;#ffffff&#8220; title_font_size=&#8220;16.8&#8243; desc_font_size=&#8220;35&#8243; suf_pref_font_size=&#8220;35&#8243; icon_simpleline=&#8220;Simple-Line-Icons-basket-loaded&#8220; desc_font_line_height=&#8220;35&#8243; suf_pref_line_height=&#8220;35&#8243;][\/vc_column][vc_column width=&#8220;1\/4&#8243;][porto_stat_counter icon_type=&#8220;simpleline&#8220; icon_size=&#8220;25&#8243; icon_color=&#8220;#ffffff&#8220; counter_title=&#8220;Filialen Weltweit&#8220; counter_value=&#8220;180&#8243; counter_sep=&#8220;&#8220; speed=&#8220;3&#8243; el_class=&#8220;m-b&#8220; counter_color_txt=&#8220;#ffffff&#8220; desc_font_color=&#8220;#ffffff&#8220; suf_pref_font_color=&#8220;#ffffff&#8220; title_font_size=&#8220;16.8&#8243; desc_font_size=&#8220;35&#8243; suf_pref_font_size=&#8220;35&#8243; icon_simpleline=&#8220;Simple-Line-Icons-location-pin&#8220; desc_font_line_height=&#8220;35&#8243; suf_pref_line_height=&#8220;35&#8243;][\/vc_column][vc_column width=&#8220;1\/4&#8243;][porto_stat_counter icon_type=&#8220;simpleline&#8220; icon_size=&#8220;25&#8243; icon_color=&#8220;#ffffff&#8220; counter_title=&#8220;Auszeichnungen&#8220; counter_value=&#8220;5&#8243; counter_sep=&#8220;&#8220; counter_prefix=&#8220;+&#8220; speed=&#8220;3&#8243; el_class=&#8220;m-b&#8220; counter_color_txt=&#8220;#ffffff&#8220; desc_font_color=&#8220;#ffffff&#8220; suf_pref_font_color=&#8220;#ffffff&#8220; title_font_size=&#8220;16.8&#8243; desc_font_size=&#8220;35&#8243; suf_pref_font_size=&#8220;35&#8243; icon_simpleline=&#8220;Simple-Line-Icons-trophy&#8220; desc_font_line_height=&#8220;35&#8243; suf_pref_line_height=&#8220;35&#8243;][\/vc_column][\/vc_row][vc_row wrap_container=&#8220;yes&#8220; is_section=&#8220;yes&#8220; remove_margin_top=&#8220;yes&#8220; remove_margin_bottom=&#8220;yes&#8220; remove_border=&#8220;yes&#8220; el_class=&#8220;p-t-xxl row-align-items-center&#8220; css=&#8220;.vc_custom_1590573444582{background-color: #ffffff !important;}&#8220;][vc_column offset=&#8220;vc_col-md-6&#8243; el_class=&#8220;pr-lg-5 mb-sm-5 mb-lg-0&#8243;][vc_custom_heading text=&#8220;Willkommen in der <b>Welt der Sesamringe<\/b>.&#8220; font_container=&#8220;tag:h2|font_size:25|text_align:left|line_height:1&#8243; use_theme_fonts=&#8220;yes&#8220; el_class=&#8220;mb-3&#8243;][vc_column_text]Die Firma Simit\u00e7i D\u00fcnyas\u0131 wurde im Jahre 2012 gegr\u00fcndet und betreibt aktuell mehr als 135 Restaurants in der T\u00fcrkei und weitere 15 Standorte in Europa. Alle Nahrungsmittel werden in der T\u00fcrkei als Backrohlinge frisch hergestellt und bestechen durch ihre hochwertige Produktqualit\u00e4t. Auf unsere Backshops legen wir den eindeutigen Fokus. Mit den zum Teil angeschlossenen Restaurantfl\u00e4chen schaffen wir kleine Wohlf\u00fchl-Oasen, in denen unsere G\u00e4ste freundlich und zuvorkommend bedient werden. Wer dem hektischen Alltag f\u00fcr eine Weile entfliehen m\u00f6chte, der ist bei uns an der richtigen Stelle. Durch unser \u00fcberzeugendes Gastronomiekonzept schaffen wir R\u00e4ume der W\u00e4rme und Herzlichkeit, in denen unsere G\u00e4ste genu\u00dfvoll speisen und gem\u00fctlich verweilen.<\/p>\n<p>Simit ist ein ringf\u00f6rmiges Hefeteiggeb\u00e4ck mit Sesamk\u00f6rnern auf der Kruste. Dieser traditionelle Sesamring ist unser absolutes \u201eAush\u00e4ngeschild\u201c. Wir bieten Ihnen eine Vielzahl von t\u00fcrkischen und internationalen Backartikeln, Gerichten und Spezialit\u00e4ten. Unsere Backrohlinge werden zudem in der T\u00fcrkei an alle Starbucks-Filialen und an verschiedene Universit\u00e4ts- und Krankenhausmensen geliefert.[\/vc_column_text][\/vc_column][vc_column width=&#8220;1\/2&#8243; offset=&#8220;vc_col-md-offset-2 vc_col-md-4 vc_col-sm-offset-4&#8243; el_class=&#8220;col-sm-8 offset-sm-5 mt-sm-5 pt-sm-5&#8243;][vc_single_image image=&#8220;2754&#8243; img_size=&#8220;full&#8220; onclick=&#8220;link_image&#8220; animation_delay=&#8220;300&#8243; css_animation=&#8220;none&#8220; el_class=&#8220;position-absolute d-none d-sm-block&#8220; css=&#8220;.vc_custom_1590573404327{margin-top: 10% !important;margin-left: -54% !important;}&#8220; animation_type=&#8220;zoomIn&#8220;][vc_single_image image=&#8220;2753&#8243; img_size=&#8220;full&#8220; animation_delay=&#8220;100&#8243; el_class=&#8220;position-absolute d-none d-sm-block&#8220; css=&#8220;.vc_custom_1590573360950{margin-top: -26% !important;margin-left: -33% !important;}&#8220; animation_type=&#8220;zoomIn&#8220;][vc_single_image image=&#8220;2984&#8243; img_size=&#8220;full&#8220; animation_delay=&#8220;600&#8243; el_class=&#8220;position-relative mb-0&#8243; animation_type=&#8220;zoomIn&#8220;][\/vc_column][\/vc_row]<\/p>\n","protected":false},"excerpt":{"rendered":"<p>[vc_row wrap_container=&#8220;yes&#8220; el_class=&#8220;pb-5 overflow-hidden&#8220; css=&#8220;.vc_custom_1590573459067{background-color: #efefef !important;}&#8220;][vc_column width=&#8220;3\/4&#8243; el_class=&#8220;mx-md-auto&#8220; animation_type=&#8220;maskUp&#8220;][porto_fancytext fancytext_prefix=&#8220;Food Port&#8220; strings_tickerspeed=&#8220;200&#8243; strings_font_family=&#8220;Open Sans&#8220; fancytext_effect=&#8220;ticker&#8220; ticker_show_items=&#8220;1&#8243; strings_line_height=&#8220;46&#8243; fancytext_strings=&#8220;Backwaren Torten Franchise&#8220; fancytext_color=&#8220;#ffffff&#8220; ticker_background=&#8220;#c0171d&#8220; el_class=&#8220;short m-t-xxl&#8220; strings_font_size=&#8220;32&#8243; prefsuf_font_style=&#8220;700&#8243; prefix_suffix_font_size=&#8220;32&#8243;][vc_column_text css_animation=&#8220;none&#8220; el_class=&#8220;text-center&#8220;] Das Unternehmen Food Port GmbH wurde im Jahr 2019 am Standort Unna er\u00f6ffnet. Als Franchisegeber werden wir innovativen und kreativen Menschen die M\u00f6glichkeit er\u00f6ffnen, unsere [&hellip;]<\/p>\n","protected":false},"author":1,"featured_media":0,"parent":0,"menu_order":0,"comment_status":"closed","ping_status":"closed","template":"","meta":{"footnotes":""},"class_list":["post-55","page","type-page","status-publish","hentry"],"yoast_head":"<!-- This site is optimized with the Yoast SEO plugin v27.4 - https:\/\/yoast.com\/product\/yoast-seo-wordpress\/ -->\n<title>\u00dcber Uns - Food Port GmbH<\/title>\n<meta name=\"robots\" content=\"index, follow, max-snippet:-1, max-image-preview:large, max-video-preview:-1\" \/>\n<link rel=\"canonical\" href=\"https:\/\/www.food-port.de\/index.php\/ueber-uns\/\" \/>\n<meta property=\"og:locale\" content=\"de_DE\" \/>\n<meta property=\"og:type\" content=\"article\" \/>\n<meta property=\"og:title\" content=\"\u00dcber Uns - Food Port GmbH\" \/>\n<meta property=\"og:description\" content=\"[vc_row wrap_container=&#8220;yes&#8220; el_class=&#8220;pb-5 overflow-hidden&#8220; css=&#8220;.vc_custom_1590573459067{background-color: #efefef !important;}&#8220;][vc_column width=&#8220;3\/4&#8243; el_class=&#8220;mx-md-auto&#8220; animation_type=&#8220;maskUp&#8220;][porto_fancytext fancytext_prefix=&#8220;Food Port&#8220; strings_tickerspeed=&#8220;200&#8243; strings_font_family=&#8220;Open Sans&#8220; fancytext_effect=&#8220;ticker&#8220; ticker_show_items=&#8220;1&#8243; strings_line_height=&#8220;46&#8243; fancytext_strings=&#8220;Backwaren Torten Franchise&#8220; fancytext_color=&#8220;#ffffff&#8220; ticker_background=&#8220;#c0171d&#8220; el_class=&#8220;short m-t-xxl&#8220; strings_font_size=&#8220;32&#8243; prefsuf_font_style=&#8220;700&#8243; prefix_suffix_font_size=&#8220;32&#8243;][vc_column_text css_animation=&#8220;none&#8220; el_class=&#8220;text-center&#8220;] Das Unternehmen Food Port GmbH wurde im Jahr 2019 am Standort Unna er\u00f6ffnet. Als Franchisegeber werden wir innovativen und kreativen Menschen die M\u00f6glichkeit er\u00f6ffnen, unsere [&hellip;]\" \/>\n<meta property=\"og:url\" content=\"https:\/\/www.food-port.de\/index.php\/ueber-uns\/\" \/>\n<meta property=\"og:site_name\" content=\"Food Port GmbH\" \/>\n<meta property=\"article:modified_time\" content=\"2020-10-21T08:35:28+00:00\" \/>\n<meta name=\"twitter:card\" content=\"summary_large_image\" \/>\n<meta name=\"twitter:label1\" content=\"Gesch\u00e4tzte Lesezeit\" \/>\n\t<meta name=\"twitter:data1\" content=\"4\u00a0Minuten\" \/>\n<script type=\"application\/ld+json\" class=\"yoast-schema-graph\">{\"@context\":\"https:\\\/\\\/schema.org\",\"@graph\":[{\"@type\":\"WebPage\",\"@id\":\"https:\\\/\\\/www.food-port.de\\\/index.php\\\/ueber-uns\\\/\",\"url\":\"https:\\\/\\\/www.food-port.de\\\/index.php\\\/ueber-uns\\\/\",\"name\":\"\u00dcber Uns - Food Port GmbH\",\"isPartOf\":{\"@id\":\"https:\\\/\\\/www.food-port.de\\\/#website\"},\"datePublished\":\"2016-06-13T15:48:45+00:00\",\"dateModified\":\"2020-10-21T08:35:28+00:00\",\"breadcrumb\":{\"@id\":\"https:\\\/\\\/www.food-port.de\\\/index.php\\\/ueber-uns\\\/#breadcrumb\"},\"inLanguage\":\"de\",\"potentialAction\":[{\"@type\":\"ReadAction\",\"target\":[\"https:\\\/\\\/www.food-port.de\\\/index.php\\\/ueber-uns\\\/\"]}]},{\"@type\":\"BreadcrumbList\",\"@id\":\"https:\\\/\\\/www.food-port.de\\\/index.php\\\/ueber-uns\\\/#breadcrumb\",\"itemListElement\":[{\"@type\":\"ListItem\",\"position\":1,\"name\":\"Startseite\",\"item\":\"https:\\\/\\\/www.food-port.de\\\/\"},{\"@type\":\"ListItem\",\"position\":2,\"name\":\"\u00dcber Uns\"}]},{\"@type\":\"WebSite\",\"@id\":\"https:\\\/\\\/www.food-port.de\\\/#website\",\"url\":\"https:\\\/\\\/www.food-port.de\\\/\",\"name\":\"Food Port GmbH\",\"description\":\"Eine weitere WordPress-Website\",\"potentialAction\":[{\"@type\":\"SearchAction\",\"target\":{\"@type\":\"EntryPoint\",\"urlTemplate\":\"https:\\\/\\\/www.food-port.de\\\/?s={search_term_string}\"},\"query-input\":{\"@type\":\"PropertyValueSpecification\",\"valueRequired\":true,\"valueName\":\"search_term_string\"}}],\"inLanguage\":\"de\"}]}<\/script>\n<!-- \/ Yoast SEO plugin. -->","yoast_head_json":{"title":"\u00dcber Uns - Food Port GmbH","robots":{"index":"index","follow":"follow","max-snippet":"max-snippet:-1","max-image-preview":"max-image-preview:large","max-video-preview":"max-video-preview:-1"},"canonical":"https:\/\/www.food-port.de\/index.php\/ueber-uns\/","og_locale":"de_DE","og_type":"article","og_title":"\u00dcber Uns - Food Port GmbH","og_description":"[vc_row wrap_container=&#8220;yes&#8220; el_class=&#8220;pb-5 overflow-hidden&#8220; css=&#8220;.vc_custom_1590573459067{background-color: #efefef !important;}&#8220;][vc_column width=&#8220;3\/4&#8243; el_class=&#8220;mx-md-auto&#8220; animation_type=&#8220;maskUp&#8220;][porto_fancytext fancytext_prefix=&#8220;Food Port&#8220; strings_tickerspeed=&#8220;200&#8243; strings_font_family=&#8220;Open Sans&#8220; fancytext_effect=&#8220;ticker&#8220; ticker_show_items=&#8220;1&#8243; strings_line_height=&#8220;46&#8243; fancytext_strings=&#8220;Backwaren Torten Franchise&#8220; fancytext_color=&#8220;#ffffff&#8220; ticker_background=&#8220;#c0171d&#8220; el_class=&#8220;short m-t-xxl&#8220; strings_font_size=&#8220;32&#8243; prefsuf_font_style=&#8220;700&#8243; prefix_suffix_font_size=&#8220;32&#8243;][vc_column_text css_animation=&#8220;none&#8220; el_class=&#8220;text-center&#8220;] Das Unternehmen Food Port GmbH wurde im Jahr 2019 am Standort Unna er\u00f6ffnet. Als Franchisegeber werden wir innovativen und kreativen Menschen die M\u00f6glichkeit er\u00f6ffnen, unsere [&hellip;]","og_url":"https:\/\/www.food-port.de\/index.php\/ueber-uns\/","og_site_name":"Food Port GmbH","article_modified_time":"2020-10-21T08:35:28+00:00","twitter_card":"summary_large_image","twitter_misc":{"Gesch\u00e4tzte Lesezeit":"4\u00a0Minuten"},"schema":{"@context":"https:\/\/schema.org","@graph":[{"@type":"WebPage","@id":"https:\/\/www.food-port.de\/index.php\/ueber-uns\/","url":"https:\/\/www.food-port.de\/index.php\/ueber-uns\/","name":"\u00dcber Uns - Food Port GmbH","isPartOf":{"@id":"https:\/\/www.food-port.de\/#website"},"datePublished":"2016-06-13T15:48:45+00:00","dateModified":"2020-10-21T08:35:28+00:00","breadcrumb":{"@id":"https:\/\/www.food-port.de\/index.php\/ueber-uns\/#breadcrumb"},"inLanguage":"de","potentialAction":[{"@type":"ReadAction","target":["https:\/\/www.food-port.de\/index.php\/ueber-uns\/"]}]},{"@type":"BreadcrumbList","@id":"https:\/\/www.food-port.de\/index.php\/ueber-uns\/#breadcrumb","itemListElement":[{"@type":"ListItem","position":1,"name":"Startseite","item":"https:\/\/www.food-port.de\/"},{"@type":"ListItem","position":2,"name":"\u00dcber Uns"}]},{"@type":"WebSite","@id":"https:\/\/www.food-port.de\/#website","url":"https:\/\/www.food-port.de\/","name":"Food Port GmbH","description":"Eine weitere WordPress-Website","potentialAction":[{"@type":"SearchAction","target":{"@type":"EntryPoint","urlTemplate":"https:\/\/www.food-port.de\/?s={search_term_string}"},"query-input":{"@type":"PropertyValueSpecification","valueRequired":true,"valueName":"search_term_string"}}],"inLanguage":"de"}]}},"_links":{"self":[{"href":"https:\/\/www.food-port.de\/index.php\/wp-json\/wp\/v2\/pages\/55","targetHints":{"allow":["GET"]}}],"collection":[{"href":"https:\/\/www.food-port.de\/index.php\/wp-json\/wp\/v2\/pages"}],"about":[{"href":"https:\/\/www.food-port.de\/index.php\/wp-json\/wp\/v2\/types\/page"}],"author":[{"embeddable":true,"href":"https:\/\/www.food-port.de\/index.php\/wp-json\/wp\/v2\/users\/1"}],"replies":[{"embeddable":true,"href":"https:\/\/www.food-port.de\/index.php\/wp-json\/wp\/v2\/comments?post=55"}],"version-history":[{"count":30,"href":"https:\/\/www.food-port.de\/index.php\/wp-json\/wp\/v2\/pages\/55\/revisions"}],"predecessor-version":[{"id":3006,"href":"https:\/\/www.food-port.de\/index.php\/wp-json\/wp\/v2\/pages\/55\/revisions\/3006"}],"wp:attachment":[{"href":"https:\/\/www.food-port.de\/index.php\/wp-json\/wp\/v2\/media?parent=55"}],"curies":[{"name":"wp","href":"https:\/\/api.w.org\/{rel}","templated":true}]}}